{"id":102,"date":"2011-04-23T14:42:26","date_gmt":"2011-04-23T19:42:26","guid":{"rendered":"http:\/\/mtn-togo.org\/?page_id=102"},"modified":"2011-05-25T16:13:14","modified_gmt":"2011-05-25T21:13:14","slug":"vision-et-mission","status":"publish","type":"page","link":"http:\/\/mtn-togo.org\/?page_id=102","title":{"rendered":""},"content":{"rendered":"<p style=\"text-align: center;\"><strong>TITRE 2\u00a0: IDEOLOGIE-VISION- BUT \u2013 OBJECTIFS \u2013 DOMAINES D\u2019INTERVENTION <\/strong><\/p>\n<p style=\"text-align: center;\"><strong>Article 4\u00a0: Id\u00e9ologie<\/strong><\/p>\n<p style=\"text-align: center;\"><strong>4.01<\/strong>\u00a0: Notre philosophie politique et id\u00e9ologique s&#8217;enrichit de l\u2019id\u00e9al de souverainet\u00e9 et de mieux \u00eatre de notre peuple ainsi que l&#8217;ambition des p\u00e8res de l&#8217;ind\u00e9pendance de faire du Togo l&#8217;or de l\u2019humanit\u00e9<\/p>\n<p><strong>4.02<\/strong>\u00a0: C\u2019est un syst\u00e8me <strong>\u00a0d&#8217;id\u00e9es, de pens\u00e9es<\/strong> philosophiques, sociales, politiques, morales et\u00a0\u00a0 religieuses qui trouvent leurs racines et\u00a0 leur essence dans les valeurs traditionnelles africaines<\/p>\n<p><strong>4.03<\/strong>\u00a0: Elle constitue la base, le fondement, le socle de notre engagement politique et social. Elle clarifie nos choix existentiels de fa\u00e7on fondamentale et d\u00e9finit le cadre r\u00e9f\u00e9rentiel<\/p>\n<p><strong>4.04<\/strong>\u00a0: Elle s\u2019articule autour des 7 piliers fondamentaux suivants :<\/p>\n<p>Patriotisme, Humanisme, Libert\u00e9, Travail, \u00c9thique, D\u00e9veloppement et D\u00e9centralisation<\/p>\n<p>\u00a0\u00a0\u00a0\u00a0\u00a0\u00a0\u00a0\u00a0\u00a0\u00a0\u00a0\u00a0\u00a0\u00a0\u00a0\u00a0\u00a0\u00a0\u00a0\u00a0\u00a0\u00a0\u00a0\u00a0\u00a0\u00a0\u00a0\u00a0\u00a0\u00a0\u00a0\u00a0\u00a0\u00a0\u00a0\u00a0\u00a0\u00a0\u00a0\u00a0\u00a0\u00a0\u00a0\u00a0\u00a0\u00a0\u00a0\u00a0\u00a0\u00a0\u00a0<strong>Article<\/strong> <strong>5\u00a0:<\/strong> <strong>Vision et Mission<\/strong><\/p>\n<p>Notre vision est d\u2019\u0153uvrer avec d\u00e9termination\u00a0 et pers\u00e9v\u00e9rance\u00a0 pour que le Togo, notre pays brille d\u2019un \u00e9clat scintillant parmi les nations aux couleurs des principes de d\u00e9mocratie, d\u2019\u00e9tat de droit, de d\u00e9veloppement durable et de\u00a0 bien-\u00eatre social.<\/p>\n<p>Notre <strong>mission<\/strong> est de promouvoir notre id\u00e9ologie et notre vision et de les mettre \u0153uvre.<\/p>\n<p style=\"text-align: center;\"><strong>Article 6\u00a0: But<\/strong><\/p>\n<p style=\"text-align: center;\"><strong>Le Mouvement\u00a0 pour un Togo nouveau a pour buts\u00a0:<\/strong><\/p>\n<p><strong>6.01\u00a0: <\/strong>De promouvoir\u00a0 son id\u00e9ologie et sa vision<strong><\/strong><\/p>\n<p><strong>\u00a06.02\u00a0:<\/strong> De promouvoir la d\u00e9mocratie participative au Togo en d\u00e9fendant les int\u00e9r\u00eats politiques, \u00e9conomiques, sociaux et culturels des Togolais (es)<\/p>\n<p><strong>6.03<\/strong>\u00a0: Promouvoir l\u2019\u00e9mancipation politique, socioculturelle et \u00e9conomique des peuples togolais et africains \u00e0 travers la promotion active des valeurs panafricanistes, patriotiques et humanistes qui placent le citoyen et particuli\u00e8rement la jeunesse comme acteur central<\/p>\n<p><strong>\u00a06.04\u00a0: <\/strong>Parmi\u00a0 les buts\u00a0 imm\u00e9diats sont plac\u00e9s l\u2019\u00e9ducation, la sant\u00e9, le respect des droits humains, de l\u2019environnement,\u00a0 la bonne gouvernance et la gestion comptable de l\u2019\u00c9tat.<\/p>\n<p><strong>6.05\u00a0: <\/strong>R\u00e9aliser l\u2019alternance politique et lib\u00e9rer le peuple togolais du joug dictatorial<\/p>\n<p><strong>6.06<\/strong>\u00a0: Promouvoir les richesses de la diversit\u00e9 culturelle, de l\u2019identit\u00e9 et de la nation togolaise<\/p>\n<p><strong>6.07\u00a0<\/strong>: Promouvoir l\u2019int\u00e9gration r\u00e9gionale et panafricaine des peuples africains<\/p>\n<p><strong>6.08\u00a0<\/strong>: D\u00e9fendre les int\u00e9r\u00eats des Togolais aupr\u00e8s des institutions internationales.<\/p>\n<p style=\"text-align: center;\"><strong>Article 7\u00a0: Objectifs<\/strong><\/p>\n<p><strong>7.01<\/strong>\u00a0: R\u00e9unir et associer tout Togolais(e) et toute personne de bonne volont\u00e9 \u0153uvrant pour le d\u00e9veloppement et l\u2019instauration de la d\u00e9mocratie et l\u2019\u00c9tat de droit au Togo<\/p>\n<p><strong>7.02<\/strong>\u00a0: Promouvoir la coop\u00e9ration entre le Togo et la communaut\u00e9 internationale<\/p>\n<p><strong>7.03<\/strong>\u00a0: Promouvoir les principes et le respect des Droits humains au Togo; les libert\u00e9s individuelles et collectives<\/p>\n<p><strong>7.04<\/strong>\u00a0: Associer le peuple Togolais aux actions et aux prises de d\u00e9cisions politiques, \u00e9conomiques, sociales et \u00e9cologiques<\/p>\n<p><strong>7.06<\/strong>\u00a0: Assurer le bien-\u00eatre social, \u00e9conomique et culturel de tous les Togolais(es)<\/p>\n<p><strong>7.06<\/strong>\u00a0: Assurer une \u00e9ducation \u00e0 tous les enfants Togolais<\/p>\n<p><strong>7.07<\/strong>\u00a0: Promouvoir les r\u00e9formes de l\u2019arm\u00e9e et\u00a0 des forces de la paix en vue de leur transformation en une arm\u00e9e r\u00e9publicaine garante de notre souverainet\u00e9.<\/p>\n<p><strong>7.08<\/strong>\u00a0: Lutter contre\u00a0 le ch\u00f4mage end\u00e9mique des jeunes\u00a0 et stimuler\u00a0 la cr\u00e9ation, l\u2019innovation et l\u2019entreprenariat\u00a0<\/p>\n<p><strong>7.09<\/strong>\u00a0: Promouvoir le g\u00e9nie togolais<\/p>\n<p><strong>7.10<\/strong>\u00a0: Promouvoir la citoyennet\u00e9 responsable<\/p>\n<p><strong>7.11<\/strong>\u00a0: Promouvoir la condition f\u00e9minine<\/p>\n<p><strong>7.12<\/strong>\u00a0: Promouvoir la paix et la s\u00e9curit\u00e9<\/p>\n<p><strong>7.13<\/strong>\u00a0: Lutter contre la pauvret\u00e9<\/p>\n<p><strong>7.14<\/strong>\u00a0: Prot\u00e9ger les enfants, les personnes \u00e2g\u00e9es et les couches les plus vuln\u00e9rables de la soci\u00e9t\u00e9.<\/p>\n<p style=\"text-align: center;\"><strong>Article 8\u00a0: Domaines d\u2019intervention<\/strong><\/p>\n<p style=\"text-align: center;\">Le MTN se donne pour mission l\u2019intervention dans tous les secteurs institutionnels et non institutionnels qui int\u00e9ressent la vie politique, \u00e9conomique, sociale et culturelle du Togo. Des projets seront \u00e9labor\u00e9s et toucheront toutes les couches socioprofessionnelles de la soci\u00e9t\u00e9.<\/p>\n","protected":false},"excerpt":{"rendered":"<p>TITRE 2\u00a0: IDEOLOGIE-VISION- BUT \u2013 OBJECTIFS \u2013 DOMAINES D\u2019INTERVENTION Article 4\u00a0: Id\u00e9ologie 4.01\u00a0: Notre philosophie politique et id\u00e9ologique s&#8217;enrichit de l\u2019id\u00e9al de souverainet\u00e9 et de mieux \u00eatre de notre peuple ainsi que l&#8217;ambition des p\u00e8res de l&#8217;ind\u00e9pendance de faire du Togo l&#8217;or de l\u2019humanit\u00e9 4.02\u00a0: C\u2019est un syst\u00e8me \u00a0d&#8217;id\u00e9es, de pens\u00e9es philosophiques, sociales, politiques, morales [&hellip;]<\/p>\n","protected":false},"author":1,"featured_media":0,"parent":0,"menu_order":0,"comment_status":"closed","ping_status":"open","template":"","meta":[],"_links":{"self":[{"href":"http:\/\/mtn-togo.org\/index.php?rest_route=\/wp\/v2\/pages\/102"}],"collection":[{"href":"http:\/\/mtn-togo.org\/index.php?rest_route=\/wp\/v2\/pages"}],"about":[{"href":"http:\/\/mtn-togo.org\/index.php?rest_route=\/wp\/v2\/types\/page"}],"author":[{"embeddable":true,"href":"http:\/\/mtn-togo.org\/index.php?rest_route=\/wp\/v2\/users\/1"}],"replies":[{"embeddable":true,"href":"http:\/\/mtn-togo.org\/index.php?rest_route=%2Fwp%2Fv2%2Fcomments&post=102"}],"version-history":[{"count":12,"href":"http:\/\/mtn-togo.org\/index.php?rest_route=\/wp\/v2\/pages\/102\/revisions"}],"predecessor-version":[{"id":298,"href":"http:\/\/mtn-togo.org\/index.php?rest_route=\/wp\/v2\/pages\/102\/revisions\/298"}],"wp:attachment":[{"href":"http:\/\/mtn-togo.org\/index.php?rest_route=%2Fwp%2Fv2%2Fmedia&parent=102"}],"curies":[{"name":"wp","href":"https:\/\/api.w.org\/{rel}","templated":true}]}}