{"id":107,"date":"2011-04-23T14:42:46","date_gmt":"2011-04-23T19:42:46","guid":{"rendered":"http:\/\/mtn-togo.org\/?page_id=107"},"modified":"2011-08-23T11:37:18","modified_gmt":"2011-08-23T16:37:18","slug":"le-congres","status":"publish","type":"page","link":"http:\/\/mtn-togo.org\/?page_id=107","title":{"rendered":"Le Congr\u00e8s"},"content":{"rendered":"<p>\u00a0<a href=\"http:\/\/mtn-togo.org\/wp-content\/uploads\/2011\/06\/Le-Logo-du-MTN.jpg\"><img loading=\"lazy\" class=\"alignleft size-full wp-image-636\" title=\"Le Logo du MTN\" src=\"http:\/\/mtn-togo.org\/wp-content\/uploads\/2011\/06\/Le-Logo-du-MTN.jpg\" alt=\"Le Logo du MTN: Mouvement pour un Togo Nouveau\" width=\"214\" height=\"147\" \/><\/a><\/p>\n<p><span style=\"color: #ff0000;\"><strong>Faisons du Togo, l\u2019or de l\u2019humanit\u00e9\u00a0: Ensemble pour un Togo libre, d\u00e9mocratique et prosp\u00e8re<\/strong><\/span><\/p>\n<p>Chers compatriotes,<\/p>\n<p>50 ans apr\u00e8s les ind\u00e9pendances, le bilan de\u00a0 l\u2019Afrique en g\u00e9n\u00e9ral et du\u00a0 Togo en\u00a0 particulier est catastrophique. La nouvelle g\u00e9n\u00e9ration se\u00a0 doit\u00a0 de tirer toutes les le\u00e7ons du pass\u00e9, prendre ses responsabilit\u00e9s et assumer\u00a0 pleinement son destin dans un ordre diff\u00e9rent, efficace et productif pour le meilleur devenir de nos populations.<\/p>\n<p>\u00a0Apr\u00e8s 20 ans d\u2019efforts infructueux de d\u00e9mocratisation\u00a0 du syst\u00e8me autiste\u00a0 et h\u00e9r\u00e9ditaire de dictature impos\u00e9 au Togo depuis bient\u00f4t\u00a0 50 ans, il devient clair que nos ain\u00e9s ont \u00e9chou\u00e9\u00a0 tant sur le plan de la pens\u00e9e, de l\u2019action et de la strat\u00e9gie pour lib\u00e9rer le Togo du joug sous lequel il ploie. Et les nouvelles d\u00e9rives de l\u2019opposition ne laissent pr\u00e9sager aucune lueur d\u2019espoir.<\/p>\n<p>Pour le <strong>MTN<\/strong>, le TOGO ne peut\u00a0 perp\u00e9tuellement \u00eatre un champ\u00a0 d\u2019invention de la m\u00e9diocrit\u00e9. Aucun d\u00e9veloppement viable (social-\u00e9conomique-environnemental) n\u2019est possible sans l\u2019installation de la d\u00e9mocratie et aucune d\u00e9mocratie n\u2019est possible sans les garanties minimales d\u2019alternance au pouvoir, de limitation de mandats, de cr\u00e9ation d\u2019institutions fortes qui sont au-dessus des personnes.<\/p>\n<p>\u00a0Il y\u2019a donc urgence de renouveler\u00a0 la garde, et opposer \u00e0\u00a0 toute personne oppos\u00e9e \u00e0 ces garanties d\u00e9mocratiques minimales, une redoutable opposition renouvel\u00e9e et innovatrice,\u00a0 dans l\u2019approche, la m\u00e9thode et\u00a0 la strat\u00e9gie. Et ceci ne peut se faire sans le ralliement de toutes les personnes, la f\u00e9d\u00e9ration et le renforcement de toutes les \u00e9nergies et ressources (physique et morale) ayant \u00e0 c\u0153ur l\u2019instauration au TOGO d\u2019une soci\u00e9t\u00e9 d\u00e9mocratique, juste, libre, moderne,\u00a0 et prosp\u00e8re.<\/p>\n<p>Pour ce faire, le <strong>Mouvement pour un\u00a0 Togo Nouveau<\/strong> (<strong>MTN<\/strong>), issue de la jeune g\u00e9n\u00e9ration du Togo, s\u2019est\u00a0 constitu\u00e9\u00a0 au congr\u00e8s de Lyon les 29 et 30 juillet 2011 pour proposer aux Togolais\u00a0 un nouveau\u00a0 projet de renaissance du TOGO. <strong>Le MTN <\/strong>tire son essence du mouvement estudiantin et scolaire. Les \u00e9tudiants togolais de toutes les origines du Togo, \u00a0\u00e0 travers le mouvement du CEUB (Conseil des \u00c9tudiants de l\u2019universit\u00e9 du B\u00e9nin) avaient \u00e9branl\u00e9 le r\u00e9gime de Gnassingb\u00e9 Eyad\u00e9ma dans les ann\u00e9es 1996 -2000. Leur d\u00e9termination, leur courage, leur unit\u00e9 ont fait triompher des causes estudiantines l\u00e9gitimes et ce, malgr\u00e9 la terreur, la r\u00e9pression barbare et les emprisonnements orchestr\u00e9s par le\u00a0 r\u00e9gime dictatorial d\u2019Eyad\u00e9ma.<\/p>\n<p>Ils ont d\u00e9cid\u00e9 d\u2019unir \u00e0 nouveau\u00a0 leur force et leur intelligence\u00a0 dans un <strong>Mouvement pour un Togo Nouveau <\/strong>(<strong>MTN<\/strong>) pour un meilleur devenir du peuple togolais dans la continuit\u00e9 de l\u2019\u0153uvre des p\u00e8res de l\u2019ind\u00e9pendance en fondant leur foi et leur vision autour des 7 piliers que sont le Patriotisme, l\u2019Humanisme, la Libert\u00e9, le Travail, l\u2019\u00c9thique, le D\u00e9veloppement et la D\u00e9centralisation. \u00a0<\/p>\n<p>Le <strong>MTN<\/strong> adopte comme symbole l\u2019homme de\u00a0 l\u2019ind\u00e9pendance qui porte\u00a0 patriotiquement\u00a0 son Togo avec un balai en main\u00a0pour\u00a0 l\u2019alternance mais aussi l\u2019alternative au Togo. Balai parce qu\u2019il\u00a0 est signe d\u2019unit\u00e9, de travail, de spiritualit\u00e9, de force et de r\u00e9sistance ainsi qu\u2019il est disponible dans toutes les maisons du Togo (pauvre ou riche, du \u00a0nord au sud) pour balayer le r\u00e9gime monarchique au TOGO, pour balayer le leadership improductif de l\u2019opposition vieillissante, pour balayer les mentalit\u00e9s r\u00e9trogrades.<\/p>\n<p>Le <strong>MTN<\/strong> s\u2019engage devant le peuple togolais et devant l\u2019histoire \u00e0 aller avec la gr\u00e2ce de Dieu, au bout de sa mission, celle de lib\u00e9rer le Togo et d\u2019offrir une alternative aux Togolais. La mis\u00e8re, l\u2019humiliation, la violence, la corruption, le siphonage\u00a0 des ressources publiques, la gabegie, le tripatouillage de la Loi, la privation de libert\u00e9 et tous les maux qui gangr\u00e8nent la soci\u00e9t\u00e9 togolaise doivent absolument prendre fin.<\/p>\n<p>Le <strong>MTN<\/strong> tient \u00e0 remercier les\u00a0 organisations de la soci\u00e9t\u00e9 civile, les\u00a0\u00a0 partis politiques, les\u00a0 medias, la jeunesse et tous les amis du Togo,\u00a0 qui ont soutenu, appuy\u00e9 et particip\u00e9 au congr\u00e8s\u00a0 constitutif du\u00a0 <strong>Mouvement pour\u00a0 un\u00a0 Togo Nouveau (MTN)<\/strong>\u00a0 en vue de\u00a0 la renaissance du Togo.<\/p>\n<p>Le <strong>MTN<\/strong> lance un appel g\u00e9n\u00e9ral\u00a0 de mobilisation au peuple togolais autour ses id\u00e9aux pour que chacun prenne son balai pour la renaissance et la reconstruction du Togo dans la paix, la s\u00e9curit\u00e9 et la concorde nationale.<\/p>\n<p>Ensemble pour un Togo, libre d\u00e9mocratique et prosp\u00e8re.<\/p>\n<p>&nbsp;<\/p>\n<p>Unis pour la m\u00eame cause, la lutte continue<\/p>\n<p>Pour toute information compl\u00e9mentaire, veuillez\u00a0 consulter\u00a0 le site internet\u00a0 du <strong>MTN<\/strong>\u00a0:<\/p>\n<p>\u00a0<a href=\"http:\/\/www.mtn-togo.org\/\">www.mtn-togo.org<\/a> ou\u00a0 nous contacter \u00e0\u00a0: <a href=\"mailto:mtntogo@gmail.com\">mtntogo@gmail.com<\/a><\/p>\n<p>Pour le bureau ex\u00e9cutif du <strong>MTN<\/strong>, le pr\u00e9sident<\/p>\n<p>Che Alphonse Lawson-Hellu<\/p>\n<p>\u00a0Quelques images de cl\u00f4ture du congr\u00e8s constitutuf du MTN<\/p>\n<p><a href=\"http:\/\/mtn-togo.org\/wp-content\/uploads\/2011\/08\/PHOTO-GROUP-MTN-0021-300x2251.jpg\"><img loading=\"lazy\" class=\"alignleft size-full wp-image-775\" title=\"PHOTO-GROUP-MTN-0021-300x225[1]\" src=\"http:\/\/mtn-togo.org\/wp-content\/uploads\/2011\/08\/PHOTO-GROUP-MTN-0021-300x2251.jpg\" alt=\"\" width=\"300\" height=\"225\" \/><\/a><\/p>\n<p><a href=\"http:\/\/mtn-togo.org\/wp-content\/uploads\/2011\/08\/PHOTOS-MTN-124.jpg\"><img loading=\"lazy\" class=\"alignright size-medium wp-image-776\" title=\"PHOTOS MTN 124\" src=\"http:\/\/mtn-togo.org\/wp-content\/uploads\/2011\/08\/PHOTOS-MTN-124-300x225.jpg\" alt=\"\" width=\"300\" height=\"225\" srcset=\"http:\/\/mtn-togo.org\/wp-content\/uploads\/2011\/08\/PHOTOS-MTN-124-300x225.jpg 300w, http:\/\/mtn-togo.org\/wp-content\/uploads\/2011\/08\/PHOTOS-MTN-124-1024x768.jpg 1024w\" sizes=\"(max-width: 300px) 100vw, 300px\" \/><\/a><a href=\"http:\/\/mtn-togo.org\/wp-content\/uploads\/2011\/08\/DSC01812.jpg\"><img loading=\"lazy\" class=\"aligncenter size-medium wp-image-777\" title=\"DSC01812\" src=\"http:\/\/mtn-togo.org\/wp-content\/uploads\/2011\/08\/DSC01812-300x225.jpg\" alt=\"\" width=\"300\" height=\"225\" srcset=\"http:\/\/mtn-togo.org\/wp-content\/uploads\/2011\/08\/DSC01812-300x225.jpg 300w, http:\/\/mtn-togo.org\/wp-content\/uploads\/2011\/08\/DSC01812-1024x768.jpg 1024w\" sizes=\"(max-width: 300px) 100vw, 300px\" \/><\/a><\/p>\n<p>&nbsp;<\/p>\n<p><a href=\"http:\/\/www.youtube.com\/watch?v=2YR4LHz4vJk&amp;feature=related\">MIANTO MIAKPLO TOGOA<\/a><\/p>\n","protected":false},"excerpt":{"rendered":"<p>\u00a0 Faisons du Togo, l\u2019or de l\u2019humanit\u00e9\u00a0: Ensemble pour un Togo libre, d\u00e9mocratique et prosp\u00e8re Chers compatriotes, 50 ans apr\u00e8s les ind\u00e9pendances, le bilan de\u00a0 l\u2019Afrique en g\u00e9n\u00e9ral et du\u00a0 Togo en\u00a0 particulier est catastrophique. La nouvelle g\u00e9n\u00e9ration se\u00a0 doit\u00a0 de tirer toutes les le\u00e7ons du pass\u00e9, prendre ses responsabilit\u00e9s et assumer\u00a0 pleinement son destin [&hellip;]<\/p>\n","protected":false},"author":1,"featured_media":0,"parent":0,"menu_order":0,"comment_status":"closed","ping_status":"open","template":"","meta":[],"_links":{"self":[{"href":"http:\/\/mtn-togo.org\/index.php?rest_route=\/wp\/v2\/pages\/107"}],"collection":[{"href":"http:\/\/mtn-togo.org\/index.php?rest_route=\/wp\/v2\/pages"}],"about":[{"href":"http:\/\/mtn-togo.org\/index.php?rest_route=\/wp\/v2\/types\/page"}],"author":[{"embeddable":true,"href":"http:\/\/mtn-togo.org\/index.php?rest_route=\/wp\/v2\/users\/1"}],"replies":[{"embeddable":true,"href":"http:\/\/mtn-togo.org\/index.php?rest_route=%2Fwp%2Fv2%2Fcomments&post=107"}],"version-history":[{"count":24,"href":"http:\/\/mtn-togo.org\/index.php?rest_route=\/wp\/v2\/pages\/107\/revisions"}],"predecessor-version":[{"id":283,"href":"http:\/\/mtn-togo.org\/index.php?rest_route=\/wp\/v2\/pages\/107\/revisions\/283"}],"wp:attachment":[{"href":"http:\/\/mtn-togo.org\/index.php?rest_route=%2Fwp%2Fv2%2Fmedia&parent=107"}],"curies":[{"name":"wp","href":"https:\/\/api.w.org\/{rel}","templated":true}]}}