{"id":143,"date":"2011-04-23T15:13:37","date_gmt":"2011-04-23T20:13:37","guid":{"rendered":"http:\/\/mtn-togo.org\/?page_id=143"},"modified":"2012-08-01T09:31:53","modified_gmt":"2012-08-01T14:31:53","slug":"actualites","status":"publish","type":"page","link":"http:\/\/mtn-togo.org\/?page_id=143","title":{"rendered":"Actualit\u00e9: ZOOM SUR LES FEMMES DE FAURE GNASSINGB\u00c9"},"content":{"rendered":"<p><a href=\"http:\/\/mtn-togo.org\/wp-content\/uploads\/2012\/07\/Sonia-Lawson.jpg\"><img loading=\"lazy\" class=\"alignleft size-thumbnail wp-image-1360\" title=\"Sonia-Lawson\" src=\"http:\/\/mtn-togo.org\/wp-content\/uploads\/2012\/07\/Sonia-Lawson-150x150.jpg\" alt=\"\" width=\"150\" height=\"150\" \/><\/a>\u00a0<a href=\"http:\/\/mtn-togo.org\/wp-content\/uploads\/2012\/07\/Cina-Lawson.jpg\"><img loading=\"lazy\" class=\"alignleft size-thumbnail wp-image-1359\" title=\"Cina-Lawson\" src=\"http:\/\/mtn-togo.org\/wp-content\/uploads\/2012\/07\/Cina-Lawson-150x150.jpg\" alt=\"\" width=\"150\" height=\"150\" \/><\/a>Source: le journal La Nouvelle, num\u00e9ro 004 du 15 juillet 2012, interdit pour avoir publi\u00e9 cet article.<\/p>\n<p>Le Pr\u00e9sident doit se ressaisir, arr\u00eater la \u00abpornocratie\u00bb au sommet de l\u2019\u00c9tat et donner le bon exemple<\/p>\n<p><a href=\"http:\/\/mtn-togo.org\/wp-content\/uploads\/2012\/07\/Ige-OLATUKUMBO.jpg\"><img loading=\"lazy\" class=\"alignleft size-thumbnail wp-image-1361\" title=\"Ige-OLATUKUMBO\" src=\"http:\/\/mtn-togo.org\/wp-content\/uploads\/2012\/07\/Ige-OLATUKUMBO-150x150.jpg\" alt=\"\" width=\"150\" height=\"150\" \/><\/a><a href=\"http:\/\/mtn-togo.org\/wp-content\/uploads\/2011\/04\/maitresse-de-faure.jpg\"><img loading=\"lazy\" class=\"alignleft size-thumbnail wp-image-1417\" title=\"maitresse-de-faure\" src=\"http:\/\/mtn-togo.org\/wp-content\/uploads\/2011\/04\/maitresse-de-faure-150x150.jpg\" alt=\"\" width=\"150\" height=\"150\" \/><\/a><\/p>\n<p><!--more-->Des corps habill\u00e9s \u00e0 bord d\u2019un v\u00e9hicule RAV 4, de couleur marron, immatriculation TG\u00a02858 AG, ont tent\u00e9 d\u2019enlever vers 21h15, Bon\u00e9ro Lawson-B\u00e9tum, le directeur de la publication du journal La Nouvelle, journal partenaire du site MO5-Togo. De sources proches de la famille, M. Bon\u00e9ro Lawson-B\u00e9tum serait activement recherch\u00e9 par la gendarmerie, suite au communiqu\u00e9 de la HAAC\u00a0portant suspension\u00a0de ce journal.Selon un communiqu\u00e9 lu \u00e0 la TVT\u00a0pendant le journal de 20 heures, la HAAC pr\u00e9tend que le journal La Nouvelle n\u2019est pas d\u00e9clar\u00e9 r\u00e9glementairement et\u00a0\u00a0son directeur serait muni donc d\u2019un faux.<\/p>\n<p>Nous avons le\u00a0courage de reprendre pour nos lecteurs l\u2019int\u00e9gralit\u00e9 de l\u2019article.<\/p>\n<p>Faure Gnassingb\u00e9 doit se ressaisir et donner l\u2019exemple pour honorer et respecter la noblesse de la fonction qu\u2019il a usurp\u00e9e illegalement,\u00a0au lieu de s\u2019en prendre au journal et \u00e0 son directeur\u00a0de publication M. Bon\u00e9ro Lawson-B\u00e9tum .\u00a0Il en va de la respectabilit\u00e9 de notre pays, de ses institutions et de la moralisation de la vie politique.<\/p>\n<p>Vincentey Ben Polar &#8211;<a href=\"http:\/\/www.mtn-togo.org\/\">www.mtn-togo.org<\/a><\/p>\n<p>Ci-dessous, \u00a0l\u2019int\u00e9gralit\u00e9 de l\u2019article.<\/p>\n<p><strong>LES INTIMES DE FAURE\u00a0GNASSINGBE\u00a0: QUI SERA LA PREMIERE\u00a0DAME DU TOGO SUR LA LISTE?<\/strong><\/p>\n<div>Que se passe-t-il vraiment dans ce pays pour que toutes ces dames se bousculent et quittent leurs maris et foyers pour chercher \u00e0 tout prix \u00e0 devenir la premi\u00e8re dame\u00a0? En 2005 certains officiers des FAT \u00e9taient contre l\u2019accession de Faure Gnassingb\u00e9 \u00e0 la magistrature supr\u00eame sous pr\u00e9texte que ce dernier n\u2019est pas stable, s\u00e9rieux et qu\u2019il ne fait que courir derri\u00e8re toutes sortes de femmes. Aujourd\u2019hui 7 ans apr\u00e8s la pr\u00e9tendue all\u00e9geance, il est demeur\u00e9 dans le c\u00e9libat avec une longue liste d\u2019intimes que nous allons parcourir une \u00e0 une.<\/div>\n<div>_<strong>Marie-Laure TRENOU<\/strong>, elle \u00e9tait mannequin \u00e0 Paris et a eu une fille avec Faure, quand ce dernier s\u00e9journait\u00a0 en tant qu\u2019\u00e9tudiant dans la capitale fran\u00e7aise. Marie-Laure \u00e9tait tr\u00e8s aim\u00e9e et appr\u00e9ci\u00e9e par la grand\u00a0m\u00e8re maternelle de Faure, mais h\u00e9las pas la m\u00e8re m\u00eame de Faure. Elle est entre Paris et Lom\u00e9 avec sa fille. D\u00e8s qu\u2019elle est \u00e0 Lom\u00e9, elle a un chauffeur et des gardes du corps. A un moment donn\u00e9, elle avait d\u00e9cid\u00e9 de venir vivre avec sa fille \u00e0 Lom\u00e9. Elle est une femme tr\u00e8s effac\u00e9e, comparativement aux autres qui se revendiquent la place de premi\u00e8re dame.<\/div>\n<div>\u00a0<\/div>\n<div><strong>Carlita\u00a0AMORIN<\/strong>, elle a eu deux filles avec Faure. Celle l\u00e0 n\u2019est pas du tout aim\u00e9e par Sabine Mensah, la m\u00e8re de Faure. Elle \u00e9tait avant, la copine d\u2019un ami et fr\u00e8re de Faure\u00a0dont nous taisons le nom. Et Faure a tout fait pour arracher cette derni\u00e8re \u00e0 son ami. Elle ambitionne la place de premi\u00e8re dame.<\/div>\n<div>\u00a0<\/div>\n<div>&#8211;<strong>R\u00e9becca ATAYI<\/strong>, la cinquantaine, voir plus\u00a0; elle est une femme d\u2019un monsieur peut connu des togolais. Pour de l\u2019argent, des march\u00e9s publicitaires, elle a quitt\u00e9e son mari pour Faure. Et aujourd\u2019hui c\u2019est elle qui est la directrice de la soci\u00e9t\u00e9 de publicit\u00e9&lt;&lt; Platine&gt;&gt;. Elle a tous les march\u00e9s publicitaires des soci\u00e9t\u00e9s d\u2019Etat et de l\u2019UNIR. Tr\u00e8s souvent, c\u2019est elle qui pr\u00e9pare \u00e0 manger et les escortes viennent chercher pour leur patron.<\/div>\n<div>\u00a0<\/div>\n<div><strong>-Magui GNAKADE<\/strong>, \u00e9tait la femme l\u00e9gitime de \u00a0Ernest\u00a0Gnassingb\u00e9, le grand fr\u00e8re de Faure\u00a0avec qui \u00a0elle avait eu des enfants. Du vivant de leur p\u00e8re Etienne Gnassingb\u00e9 Eyadema, un probl\u00e8me avait surgit\u00a0par rapport aux escapades entre Faure\u00a0et la belle s\u0153ur. Tr\u00e8s furieux, Ernest\u00a0avait voulu \u00e9liminer physiquement Faure\u00a0et le p\u00e8re avait demand\u00e9 au vieux Yaya\u00a0MALOU\u00a0de r\u00e9gler ce probl\u00e8me qui \u00e9tait une honte. Ce qui fut fait. Apr\u00e8s la mort d\u2019Ernest\u00a0cette m\u00eame femme a eu un enfant avec Faure.<\/div>\n<div>\u00a0<\/div>\n<div><strong>-Nini\u00a0Essau\u00a0GNEHOU<\/strong>, la fille du capitaine Charles GNEHOU\u00a0Le Fr\u00e8re de Badagnaki\u00a0la veuve d\u2019Eyadema\u00a0qui a \u00e9t\u00e9 tu\u00e9 sur son lit d\u2019h\u00f4pital de Tokoin\u00a0par des commandos. Elle a eu 3 filles avec Faure.<\/div>\n<div>\u00a0<\/div>\n<div><strong>-Cina LAWSON,<\/strong>\u00a0la fille du capitaine Francisco\u00a0LAWSON\u00a0et la cousine de Carlita\u00a0AMORIN. Elle est tr\u00e8s aim\u00e9e par Sabine Mensah, la m\u00e8re de Faure. A tel point que Agn\u00e9l\u00e9 Magui\u00a0Mensah, la tente maternelle de Faure\u00a0va de temps en temps lui rendre visite. Cette relation a commenc\u00e9 45 jours apr\u00e8s son entr\u00e9e au gouvernement form\u00e9 en mai 2010.<\/div>\n<div><img src=\"http:\/\/f0.img.v4.skyrock.net\/f0c\/democratie2011\/pics\/3104053583_1_5_mc8GqWBD.jpg\" alt=\"Les intimes de Faure Kodjo Gnassingb\u00e9: QUI SERA LA PREMIERE DAME DU TOGO SUR LA LISTE?\" \/><\/div>\n<div>\u00a0<\/div>\n<div><strong>-Sonia LAWSON<\/strong>, c\u2019est la petite s\u0153ur de Cina\u00a0Lawson\u00a0de m\u00eame p\u00e8re et m\u00eame m\u00e8re. Elle s\u00e9journe r\u00e9guli\u00e8rement maintenant \u00e0 Lom\u00e9. Lors de son dernier s\u00e9jour de fin mai et d\u00e9but juin 2012, c\u2019est une voiture de l\u2019\u00c9tat de marque Peugeot\u00a0407 qui a \u00e9t\u00e9 mise \u00e0 sa disposition plus un chauffeur de la fonction publique qui est l\u00e0 24\/24 m\u00eame le dimanche. Il est de ton que la famille GBEDE\u00a0et alli\u00e9e mettent fin rapidement \u00e0 ces genres de choses et comportements de Collette AQUEREBURU, la m\u00e8re de Cina\u00a0et de Sonia. Car tout se passe au domicile de feue Tassi\u00a0Souzanne\u00a0Avleyo\u00a0GBEDE\u00a0ou vivent ces derni\u00e8res. Il faut que la m\u00e9moire de Tassi\u00a0Avleyo\u00a0soit honor\u00e9e. Aujourd\u2019hui elle pousse ses propres filles dans les bras de Faure\u00a0juste pour de l\u2019argent, le mat\u00e9riel, les prestiges et pour bien continuer \u00e0 livrer di vin et champagne \u00e0 la pr\u00e9sidence de la r\u00e9publique et \u00e0 Lom\u00e9 2.<\/div>\n<div><img src=\"http:\/\/f0.img.v4.skyrock.net\/f0c\/democratie2011\/pics\/3104053583_1_9_35zYCe2f.jpg\" alt=\"Les intimes de Faure Kodjo Gnassingb\u00e9: QUI SERA LA PREMIERE DAME DU TOGO SUR LA LISTE?\" \/><\/div>\n<div>\u00a0<\/div>\n<div>\u00a0<\/div>\n<div>&#8211;<strong>Ingride Ataf\u00e9iman AWADE<\/strong>, elle est aujourd\u2019hui milliardaire. Directrice des imp\u00f4ts sortie de nulle part. Propri\u00e9taire de Z\u00e9nith Communication et plusieurs autres soci\u00e9t\u00e9s fictives, sans compter ses appartements en Europe dont un tr\u00e8s luxueux \u00e0 Paris (France ). Elle \u00e9tait mari\u00e9e \u00e0 un certain monsieur NANA. Elle a quitt\u00e9e son foyer pour Faure\u00a0avec l\u2019espoir d\u2019\u00eatre la premi\u00e8re dame. Depuis un temps, elle d\u00e9tient les fonds de l\u2019Etat\u00a0pour faire des chantages \u00e0 Faure\u00a0avec la complicit\u00e9 du ministre de l\u2019\u00e9conomie et des finances Adji\u00a0Ot\u00e9h AYASSOR et que ce dernier appelle affectueusement&lt;&lt; Maman&gt;&gt;. Elle finance le groupe musical Too\u00a0Fan et certaines presses priv\u00e9es du pouvoir. Ataf\u00e9ine AWADE n\u2019a pas d\u2019enfants et n\u2019a pas de c\u0153ur. Elle dispose d\u2019un groupe de miliciens\u00a0 tr\u00e8s nuisibles. Elle a la mainmise sur certains officiers de l\u2019arm\u00e9e togolaise qui lui ob\u00e9issent comme un chien ob\u00e9it \u00e0 son maitre. Elle s\u2019est permis de gifler \u00e0 la nouvelle pr\u00e9sidence le Commandant TCHAKPELE\u00a0responsable du service d\u2019\u00e9coute t\u00e9l\u00e9phonique des citoyens. \u00a0Faure\u00a0Gnassingb\u00e9 doit savoir que prochainement c\u2019est lui-m\u00eame que Ingrid AWADE giflera\u00a0en publique de m\u00eame que le g\u00e9n\u00e9ral Atcha Titikpina et le Lt- Colonel Yotrof\u00e9i Massina.<\/div>\n<div>\u00a0<\/div>\n<div><strong>-Ige OLATUKUMBO,<\/strong>\u00a0repr\u00e9sentante r\u00e9sident du HCDH\u00a0\u00e4 Lom\u00e9. Elle est une veuve. A la fin de sa mission, elle quitta Lom\u00e9. Le gouvernement est pass\u00e9 par tous les moyens pour le faire revenir. On se demande si elle n\u2019est pas dans des calcules.<\/div>\n<div><img src=\"http:\/\/f0.img.v4.skyrock.net\/f0c\/democratie2011\/pics\/3104053583_1_11_cGT1Pyi6.jpg\" alt=\"Les intimes de Faure Kodjo Gnassingb\u00e9: QUI SERA LA PREMIERE DAME DU TOGO SUR LA LISTE?\" \/><\/div>\n<div>\u00a0<\/div>\n<div><strong>-Julie BEGUEDOU,<\/strong>\u00a0ex bonne de la famille Gnassingb\u00e9. Une intime de Faure et subitement, elle est devenue commer\u00e7ante, femme d\u2019affaires et milliardaire. Elle a presque tous les march\u00e9s de commande et en exclusivit\u00e9 du Togo.<\/div>\n<div>\u00a0<\/div>\n<div>&#8211;<strong>Victoire S\u00e9d\u00e9m\u00e9ho TOMEGAH-DOGBE<\/strong>, la dame du PNUD\u00a0ramen\u00e9e express\u00e9ment par Gilbert Houngbo juste apr\u00e8s sa nomination au poste de premier ministre. Celle-ci a quitt\u00e9 aussi son mari avec qui elle a eu 3 enfants, dans l\u2019espoir de devenir la premi\u00e8re dame.<\/div>\n<div>\u00a0<\/div>\n<div><strong>N\u00e9m\u00e8 SODJI<\/strong>\u00a0n\u00e9e Gnassingb\u00e9, est demi-s\u0153ur de Faure\u00a0Gnassingb\u00e9 de m\u00eame m\u00e8re que Essolizame\u00a0et Naka. Leur m\u00e8re est Adoud\u00e9 Christine AKUE. Elle aurait des relations intimes avec sa propre demi-s\u0153ur. Inceste et mal\u00e9dictions qui planent dans la famille. Personne n\u2019ose dire la v\u00e9rit\u00e9, ni lever le petit doigt pour se plaindre. Pourtant, il faudrait parer au plus press\u00e9.<\/div>\n<div>\u00a0<\/div>\n<div><strong>-Henriette Toutouvi ALANDO<\/strong>U. Elle \u00e9tait la maitresse\u00a0de Gervais\u00a0Koffi\u00a0Djondo. Celui-ci l\u2019avait envoy\u00e9 \u00e0 Londres ( Angleterre ) pour des \u00e9tudes d\u2019anglais. Djondo\u00a0avait pris en charge tous les frais financiers. Henriette Alandou\u00a0par malheur croisait sur son chemin un certain Faure Gnassingb\u00e9. Ce dernier lui a promis le ciel et la lune. Elle quitta Londres pour s\u2019installer \u00e0 Paris.. Et c\u2019est le d\u00e9but d\u2019une relation amoureuse.<\/div>\n<div>\u00a0<\/div>\n<div>&#8211;<strong>Dela\u00a0DELALI<\/strong>, artiste de la chanson.<\/div>\n<div>\u00a0<\/div>\n<div><strong>-M\u00e9imounatou HIBRAHIMA<\/strong><\/div>\n<div>\u00a0<\/div>\n<div><strong>-Melle SOMOKO<\/strong><\/div>\n<div>\u00a0<\/div>\n<div>&#8211;<strong>Edwige BADAKOU, ancienne miss Togo.<\/strong><\/div>\n<div>\u00a0<\/div>\n<div><strong>-La fille de John\u00a0KOUFOR, l\u2019ancien pr\u00e9sident du Ghana.<\/strong><\/div>\n<div>\u00a0<\/div>\n<div>&#8211;<strong>Des femmes des officiers sup\u00e9rieurs des FAT<\/strong> dont nous taisons les noms.<\/div>\n<div>\u00a0<\/div>\n<div>&#8211;<strong>La femme d\u2019un de ses amis et ancien directeur d\u2019une soci\u00e9t\u00e9 d\u2019Etat<\/strong> dont nous taisons le nom.<\/div>\n<div>\u00a0<\/div>\n<div>Pour gouverner un \u00c9tat, nous pensons au moins qu\u2019il faille avoir une bonne moralit\u00e9 avant d\u2019aspirer \u00e0 ce poste noble et prestigieux qui est celui du pr\u00e9sident de la r\u00e9publique. Nous nous rendons compte du contraire chez le locataire du palais de la marina. Il est imp\u00e9rieux que Faure\u00a0Gnassing\u00e9 change de comportement et qu\u2019il respecte\u00a0 sa fonction. Il est dommage et tr\u00e8s regrettable que des citoyens togolais\u00a0chantent l\u2019\u00e9loge de Faure Gnassingg\u00e9 tous les jours, que Dieu fait, racontent qu\u2019il est un bon pr\u00e9sident malgr\u00e9 toutes ces d\u00e9rives pour de l\u2019argent. Demain, on risque de nous raconter qu\u2019il est aussi un homme providentiel, J\u00e9sus-Christ. Notre pays ne m\u00e9rite pas \u00e7a .\/.<\/div>\n<div>\u00a0<\/div>\n<p>&nbsp;<\/p>\n","protected":false},"excerpt":{"rendered":"<p>\u00a0Source: le journal La Nouvelle, num\u00e9ro 004 du 15 juillet 2012, interdit pour avoir publi\u00e9 cet article. Le Pr\u00e9sident doit se ressaisir, arr\u00eater la \u00abpornocratie\u00bb au sommet de l\u2019\u00c9tat et donner le bon exemple<\/p>\n","protected":false},"author":1,"featured_media":0,"parent":0,"menu_order":0,"comment_status":"closed","ping_status":"open","template":"","meta":[],"_links":{"self":[{"href":"http:\/\/mtn-togo.org\/index.php?rest_route=\/wp\/v2\/pages\/143"}],"collection":[{"href":"http:\/\/mtn-togo.org\/index.php?rest_route=\/wp\/v2\/pages"}],"about":[{"href":"http:\/\/mtn-togo.org\/index.php?rest_route=\/wp\/v2\/types\/page"}],"author":[{"embeddable":true,"href":"http:\/\/mtn-togo.org\/index.php?rest_route=\/wp\/v2\/users\/1"}],"replies":[{"embeddable":true,"href":"http:\/\/mtn-togo.org\/index.php?rest_route=%2Fwp%2Fv2%2Fcomments&post=143"}],"version-history":[{"count":30,"href":"http:\/\/mtn-togo.org\/index.php?rest_route=\/wp\/v2\/pages\/143\/revisions"}],"predecessor-version":[{"id":385,"href":"http:\/\/mtn-togo.org\/index.php?rest_route=\/wp\/v2\/pages\/143\/revisions\/385"}],"wp:attachment":[{"href":"http:\/\/mtn-togo.org\/index.php?rest_route=%2Fwp%2Fv2%2Fmedia&parent=143"}],"curies":[{"name":"wp","href":"https:\/\/api.w.org\/{rel}","templated":true}]}}