{"id":148,"date":"2011-04-23T15:13:59","date_gmt":"2011-04-23T20:13:59","guid":{"rendered":"http:\/\/mtn-togo.org\/?page_id=148"},"modified":"2012-09-25T08:31:09","modified_gmt":"2012-09-25T13:31:09","slug":"articles","status":"publish","type":"page","link":"http:\/\/mtn-togo.org\/?page_id=148","title":{"rendered":"Articles: Faure Gnassingb\u00e9 veut r\u00e9\u00e9diter les massacres de 2005 en armant les miliciens \u00e0 sa solde"},"content":{"rendered":"<p><strong><a href=\"http:\/\/mtn-togo.org\/wp-content\/uploads\/2011\/04\/ALNAJ.bmp\"><img loading=\"lazy\" src=\"http:\/\/www.mo5-togo.com\/images\/cst-violences15092012.gif\" alt=\"\" width=\"505\" height=\"380\" \/><\/a><\/strong><\/p>\n<p>Faure\u00a0Gnassingb\u00e9 a pris le pouvoir dans un bain de sang et\u00a0 entend le garder\u00a0dans\u00a0une marre de sang. Ce fil d&#8217;\u00c9yad\u00e9ma apparemment inoffensif, est un\u00a0g\u00e9nocidaire en puissance\u00a0.Les Togolais\u00a0et la communaut\u00e9 internationale doivent rapidement prendre conscience du grand danger que repr\u00e9sente\u00a0ce jeune d\u00e9mon, tyran et sanguinaire qui est pr\u00eat \u00e0 sacrifier\u00a0 son peuple sur l&#8217;autel de ses ambitions\u00a0\u00a0\u00e9goistes, mal\u00e9fiques et diaboliques du pouvoir.<!--more--><\/p>\n<p><strong>\u00a0Il a fait main basse sur l&#8217;immense richesse accumul\u00e9e\u00a0 frauduleusement par son p\u00e8re pendant son long r\u00e8gne de 38 ans, s&#8217;accaparant\u00a0des richesses du pays et spoliant\u00a0 les Togolais\u00a0du fruit de leur dur\u00a0labeur qu&#8217;il gaspille dans la gab\u00e9gie et la pornocratie.<\/strong><\/p>\n<p>\u00a0A\u00a0 d\u00e9faut de s&#8217;appuyer sur les Forces arm\u00e9es togolaises pour se maintenir mordicus au pouvoir au prix de faire couler le sang des Togolais, il a pr\u00e9par\u00e9 une arm\u00e9e de miliciens, de mercenaires et de g\u00e9nocidaires, bien entretenue et pay\u00e9e grassement pour faire le sale besogne d&#8217;extermination des populations togolaises.<\/p>\n<p>La violence perpr\u00e9t\u00e9e \u00e0 Ad\u00e9wui par les miliciens arm\u00e9s par Faure\u00a0Gnassingb\u00e9, sur\u00a0les manifestants pacifiques\u00a0 du CST, \u00a0n&#8217;est que le bout visible du dispositif g\u00e9nocidaire pr\u00e9par\u00e9\u00a0de toute pi\u00e8ce par ce dernier.Nous reviendrons sur les d\u00e9tails de ce\u00a0plan sanguinaire, mal\u00e9fique et diabolique.\u00a0Le monde entier devra \u00eatre imp\u00e9rativement sensibilis\u00e9 sur le drame humain qui se pr\u00e9pare au Togo si jamais Faure Gnassingb\u00e9 devrait \u00eatre forc\u00e9\u00a0 d\u00e9mocratique\u00a0\u00e0 quitter le pouvoir.<\/p>\n<p>Vigilance, Vigilance , Vigilance! &#8221;Peuple togolais, par ta force et ton courage la nation togolaise\u00a0est n\u00e9e.Que veinnent\u00a0les tyrans, ton coeur soupire vers la libert\u00e9&#8221;.\u00a0Ne te laisse pas massacrer par Faure Gnassingb\u00e9 \u00c9yad\u00e9ma.<\/p>\n<p>Vicentey Ben Polar <a href=\"http:\/\/www.mtn-togo.org\/\">www.mtn-togo.org<\/a><\/p>\n<p>&nbsp;<\/p>\n<p><strong>Oser r\u00e9inventer le Togo\u00a0: d\u00e9fi majeur de la nouvelle rel\u00e8ve g\u00e9n\u00e9rationnelle du Togo Avril 1960- Avril 2010, le Togo aura compt\u00e9 50 ann\u00e9es \u00ab\u00a0d\u2019ind\u00e9pendance\u00a0\u00bb.<\/strong><\/p>\n<p>\u00c0 la veille du 50e anniversaire de l\u2019ind\u00e9pendance, nous ressentons avec amertume mais justesse ces mots de Nelson\u00a0Mandela\u00a0: &#8220;Nous avons acquis le droit d\u2019\u00eatre libre mais nous ne sommes pas encore libre&#8221;.<\/p>\n<p><!--more-->Les p\u00e8res de l\u2019ind\u00e9pendance ont r\u00eav\u00e9 de faire de la Terre de nos A\u00efeux l\u2019or de l\u2019humanit\u00e9. Malheureusement le r\u00eave a tourn\u00e9 au cauchemar fait d\u2019assassinats politiques, de torture, de violations syst\u00e9matiques des droits de l\u2019homme, de coups d\u2019\u00c9tat, de dictature politique, de siphonage des ressources du pays avec son corollaire de mis\u00e8re, de souffrance et de paup\u00e9risation de la population du Togo.<\/p>\n<p>Le 27 avril 2010 marquera 50 ann\u00e9es sold\u00e9es par un \u00e9chec cuisant sur toute la ligne. Nos ain\u00e9s, toutes tendances confondues ont litt\u00e9ralement \u00e9chou\u00e9. Ils ont trahi l\u2019id\u00e9al d\u2019ind\u00e9pendance et de libert\u00e9 et ont vid\u00e9 de sa substance le r\u00eave r\u00e9publicain.<\/p>\n<p>Aujourd\u2019hui, le moins qu\u2019on puisse dire, c\u2019est que la nation togolaise\u00a0balbutie, \u00e9trangl\u00e9e par des relents tribalistes\u00a0\u00e9rig\u00e9s en syst\u00e8me de gouvernement. Le pays manque de rep\u00e8res et l\u2019\u00c9tat est en faillite. Les pesanteurs et vestiges colonialistes demeurent les reliques cardinales de la culture politique togolaise, 50 ans apr\u00e8s la proclamation d\u2019ind\u00e9pendance. Le g\u00e9nie togolais fait cruellement d\u00e9faut dans l\u2019\u00e9tablissement des fondements de la planification et de la construction de l\u2019\u00c9tat togolais. Le r\u00e9gime de dictature s\u2019est durablement install\u00e9 dans la copie grossi\u00e8re et reproduit m\u00e9caniquement les dictats n\u00e9ocoloniaux de gestion de d\u00e9veloppement catastrophique et chaotique g\u00e9n\u00e9rant mis\u00e8re et souffrance pour nos populations, enrichissement illicite pour les imp\u00e9rialistes et leurs valets togolais.<\/p>\n<p>Le panorama de notre pays est tr\u00e8s sombre, les d\u00e9fis sont \u00e9normes, les obstacles immenses, les moyens insuffisants, les pertes incalculables, la d\u00e9ception au summum, les trahisons et autres abondons au rendez-vous, la lassitude et l\u2019abdication \u00e0 fleur de peau.<\/p>\n<p>Les leaders de l\u2019opposition, d\u00e9bout\u00e9s, ont montr\u00e9 les limites de leur leadership, le processus de d\u00e9mocratisation a pris du plomb dans l\u2019aile sur fond de violence inou\u00efe et s\u2019est r\u00e9duit \u00e0 la lutte fratricide pour le fauteuil pr\u00e9sidentiel. On oublie facilement que servir son pays, ce n\u2019est pas seulement le fauteuil pr\u00e9sidentiel. On peut valablement servir en \u00e9tant simple maire d\u2019une ville ou d\u00e9put\u00e9 d\u2019une circonscription. Il faut cependant, reconna\u00eetre que l\u2019opposition traditionnelle depuis le 5 octobre 1990, a donn\u00e9 le meilleur d\u2019elle-m\u00eame pour venir \u00e0 bout du r\u00e9gime. Ne pas le reconna\u00eetre, c\u2019est faire preuve d\u2019une myopie politique.<\/p>\n<p>Dans la m\u00eal\u00e9e, la dictature quinquag\u00e9naire se renforce, se rajeunit, dilapidant les immenses ressources du pays, poussant les contestataires \u00e0 l\u2019exil. Le r\u00e9gime h\u00e9r\u00e9ditaire tr\u00e8s fourbi, utilise p\u00e8le &#8211; m\u00eale les m\u00e9thodologies et strat\u00e9gies les plus vari\u00e9es pour garder le pouvoir telles que\u00a0: la menace, la r\u00e9pression de toute vell\u00e9it\u00e9 contestataire, la corruption, les coups fourr\u00e9s, la fuite en avant, la manipulation, le dilatoire, la division, la diversion, \u00e9rig\u00e9es en syst\u00e8me de gouvernance .Tout ceci ne fait qu\u2019aggraver la situation de chaos \u00e9conomique et social du pays. Le Togo est \u00e0 la d\u00e9rive et n\u2019a plus de rep\u00e8res. Les gesticulations autour des \u00e9lections de 2010 sur fond de faux espoir, de corruption, d\u2019achat de conscience, d\u2019intimidation et d\u2019impr\u00e9paration constituent un \u00e9ni\u00e8me march\u00e9 de dupe.<\/p>\n<p><strong>Que faire\u00a0? Quelle perspective pour le Togo\u00a0? <\/strong><\/p>\n<p>Ne rien faire n\u2019est certainement pas une option. C\u2019est plut\u00f4t c\u00e9der \u00e0 la fatalit\u00e9. Perp\u00e9tuer les m\u00e9thodes d\u2019\u00e9chec c\u2019est aboutir assur\u00e9ment \u00e0 d\u2019autres \u00e9checs.<\/p>\n<p>Une analyse lucide de la situation s\u2019impose dans un domaine de d\u00e9finition plus \u00e9largi\u00a0; un bilan sommaire et sans complaisance doit \u00eatre fait\u00a0; les le\u00e7ons de l\u2019\u00e9chec m\u00e9ritent d\u2019\u00eatre retenues et une nouvelle approche, originale, innovatrice, intelligente, ambitieuse, organis\u00e9e et m\u00e9thodique urge d\u2019\u00eatre d\u00e9gag\u00e9e.<\/p>\n<p>Jacques Attali, \u00e9conomiste et essayiste fran\u00e7ais, dans \u00ab\u00a0Une br\u00e8ve histoire de l\u2019avenir\u00a0\u00bb conseille en ces termes\u00a0: &#8220;<em>Comme \u00e0 l\u2019aube de toute r\u00e9volution majeure, il nous appartient d\u2019abord d\u2019en mesurer l\u2019urgence, d\u2019en nommer les acteurs, d\u2019en d\u00e9finir les valeurs et d\u2019en imaginer les institutions, dans la modestie du quotidien et la d\u00e9mesure de l\u2019id\u00e9al<\/em>&#8220;.<\/p>\n<p>Aucune forme d\u2019oppression ne peut venir \u00e0 bout de la d\u00e9termination d\u2019un peuple organis\u00e9 et souverain. L\u2019avenir du Togo d\u00e9pendra de ce que sa jeune g\u00e9n\u00e9ration voudra en faire aujourd\u2019hui. L\u2019espoir est permis. A nous d\u2019agir et de donner un sens \u00e0 notre action dans la perspective d\u2019une refondation de la nation togolaise. La question que nous devons nous poser est\u00a0celle-ci\u00a0: Togolaise et Togolais, qu\u2019avons-nous fait de notre ind\u00e9pendance\u00a0? Nous avons l\u2019imp\u00e9rieux devoir d\u2019amorcer d\u00e8s \u00e0 pr\u00e9sent un profond travail de r\u00e9flexion, de conscientisation, de r\u00e9veil, de remise en cause, d\u2019\u00e9valuation et de bilan du parcours de notre jeune \u00c9tat en vue d\u2019 une red\u00e9finition de notre souverainet\u00e9 nationale sur la base des principes et des valeurs \u00e9nonc\u00e9s par nos p\u00e8res de l\u2019ind\u00e9pendance.<\/p>\n<p>Notre g\u00e9n\u00e9ration doit r\u00e9inventer et refonder le Togo pour que dans les 50 prochaines ann\u00e9es, nous puissions l\u00e9guer \u00e0 nos enfants, \u00e0 la g\u00e9n\u00e9ration suivante, un meilleur Togo que celui que nous h\u00e9ritons de nos ain\u00e9s. Les m\u00eames causes produisant les m\u00eames effets, nous devons imp\u00e9rativement prendre distance de la philosophie politique, des m\u00e9thodes et syst\u00e8mes de gouvernance qui ont pr\u00e9sid\u00e9 aux destin\u00e9es de notre pays depuis ces 50 derni\u00e8res ann\u00e9es. Nous devons tirer toutes les le\u00e7ons du pass\u00e9, r\u00e9ajuster le pr\u00e9sent pour mieux appr\u00e9hender l\u2019avenir. Piloter le changement, c\u2019est d\u2019abord et avant tout la r\u00e9forme du syst\u00e8me de pens\u00e9es dominant.<\/p>\n<p>La refondation du Togo passe par une pens\u00e9e nouvelle, un paradigme nouveau qui se traduit par un id\u00e9al th\u00e9orico-pratique raisonnable. Les bases conceptuelles de cet id\u00e9al doivent fonder en raison l\u2019imp\u00e9ratif moral, s\u2019orienter vers le modernisme humanisant et s\u2019enraciner dans un discours argument\u00e9 et rationnel qui recherche le consensus dans \u00ab\u00a0l\u2019agir communicationnel\u00a0\u00bb, un dialogue f\u00e9cond. Avant de penser le r\u00e9el, il faut penser la pens\u00e9e. G\u00e9n\u00e9rer une dynamique de pens\u00e9e originale et structur\u00e9e, apprivoiser son fil conducteur authentique, tributaire de notre temps et ses probl\u00e8mes inh\u00e9rents. \u00ab\u00a0Savoir pour pr\u00e9voir, pr\u00e9voir pour pouvoir\u00a0\u00bb.<\/p>\n<p>L\u2019action est la cons\u00e9quence logique de l\u2019id\u00e9e \u00e9labor\u00e9e et construite. L\u2019efficacit\u00e9 de l\u2019action d\u00e9rive indubitablement de la pertinence, la coh\u00e9rence e et la rigueur de l\u2019id\u00e9e. \u00ab\u00a0Les id\u00e9es deviennent des forces mat\u00e9rielles quand elles s\u2019emparent des masses\u00a0\u00bb Karl Marx.<\/p>\n<p>Au cours de notre grand effort de restructuration de la nouvelle pens\u00e9e fondatrice, nous devons tenir compte de la fin des m\u00e9tar\u00e9cits et des id\u00e9ologies, prendre en consid\u00e9ration le nihilisme qui signifie que \u00ab\u00a0Dieu est mort\u00a0\u00bb, le Dieu africain surtout. L\u2019effacement progressif des grands discours de l\u00e9gitimation du r\u00e9el qui commandaient la r\u00e9flexion doit nous amener \u00e0 r\u00e9\u00e9valuer les grands courants dominants et mesurer la port\u00e9e significatives des mod\u00e8les empiriques produits.<\/p>\n<p>Le marxisme n\u2019est plus une r\u00e9f\u00e9rence\u00a0; l\u2019utilitarisme anglo-saxon a du mal \u00e0 concilier justice social\u00a0et \u00e9galit\u00e9\u00a0; la d\u00e9mocratie peine \u00e0 trouver la ligne m\u00e9diane en droit entre l\u2019individu et la communaut\u00e9, le capitalisme cens\u00e9e r\u00e9gler le probl\u00e8me de la raret\u00e9 des ressources face \u00e0 l\u2019immensit\u00e9 des besoins en est arriv\u00e9 \u00e0 produire la raret\u00e9 \u00e0 grande \u00e9chelle mettant en p\u00e9ril l\u2019esp\u00e8ce animal dans son fragile \u00e9cosyst\u00e8me. Enfin la Raison en vient \u00e0 rimer avec domination et savoir avec pouvoir &#8230;<\/p>\n<p>Le doute axiologique devient un puissant vecteur de la d\u00e9marche. La jeune g\u00e9n\u00e9ration montera en force avec le flambeau de la d\u00e9construction en mettant fin aux illusions, aux utopies avort\u00e9es, aux prestidigitations, aux mensonges et autres f\u00e9tichismes pour mieux jeter les fondements objectifs et critiques \u00ab\u00a0d\u2019un nouveau contrat social\u00a0\u00bb pour le Togo.<\/p>\n<p>Le Togo nation doit\u00a0se r\u00e9inventer, se refonder\u00a0dans la red\u00e9finition des modalit\u00e9s de son vivre ensemble (fraternit\u00e9, libert\u00e9 et \u00e9galit\u00e9) et dans les sch\u00e8mes de sa culture diverse mais commune \u00e0 savoir\u00a0: une identit\u00e9, une histoire, un patrimoine et une langue. Son rapport \u00e0 l\u2019avenir s\u2019appuierait beaucoup moins sur l\u2019esp\u00e9rance que sur la volont\u00e9, c\u2019est-\u00e0-dire un \u00ab\u00a0gai d\u00e9sespoir\u00a0\u00bb selon le mot d\u2019 Andr\u00e9 -Compte Sponville \u00e0 l\u2019instar du \u00ab\u00a0gai savoir\u00a0\u00bb de Nietzche. La nation togolaise retrouverait ainsi ses rep\u00e8res et cristalliserait ses forces et croyances dans ses propres codes, sa mythologie, sa propre symbolique et ses h\u00e9ros. Nous avons d\u00e9sormais un objet, un projet et une d\u00e9marche.<\/p>\n<p>L\u2019ossature rationnelle est en place. Il appartient \u00e0 toute la jeunesse togolaise, aux hommes et femmes de bonne volont\u00e9 de la nouvelle g\u00e9n\u00e9ration de se mettre r\u00e9solument au travail et en synergie. Ils viennent de tous les horizons de connaissance, de formation et de comp\u00e9tence\u00a0; de toutes les couches de la soci\u00e9t\u00e9\u00a0; de la diaspora comme de l\u2019int\u00e9rieur du Togo. Ils veulent imprimer une nouvelle dynamique \u00e0 leur pays. La jeune g\u00e9n\u00e9ration veut prendre son destin en main et cons\u00e9quemment, celui de la Terre de ses A\u00efeuls. &#8220;<em>Chaque g\u00e9n\u00e9ration doit, dans une relative opacit\u00e9, d\u00e9couvrir sa mission, l\u2019accomplir ou la trahir<\/em>.&#8221; Frantz Fanon<\/p>\n<p>Face \u00e0 l\u2019\u00e9chec, au renoncement, au laxisme et \u00e0 l\u2019immobilisme qui ont guid\u00e9 la conduite de l\u2019action publique depuis cinquante ans, la nouvelle g\u00e9n\u00e9ration veut donner \u00e0 ses concitoyens \u00ab\u00a0envie d\u2019avoir envie\u00a0\u00bb. La jeune g\u00e9n\u00e9ration des refondateurs va \u0153uvrer avec d\u00e9termination et pers\u00e9v\u00e9rance, conviction et force, pour que le Togo, notre pays brille d\u2019un \u00e9clat scintillant parmi les nations aux couleurs des principes et valeurs de d\u00e9mocratie, d\u2019\u00e9tat de droit et de d\u00e9veloppement durable. Elle se doit de redonner au Togo ses lettres de noblesse, de reconstruire un Togo nouveau avec tous et pour tous, d\u2019assurer son d\u00e9veloppement harmonieux et consacrer son retour dans le concert des nations. Le civisme, le travail, l\u2019\u00e9thique, la responsabilit\u00e9 et l\u2019int\u00e9r\u00eat g\u00e9n\u00e9ral doivent guider l\u2019action de chaque citoyen engag\u00e9 ou non dans la gestion des affaires publiques.<\/p>\n<p>\u00c0 l\u2019heure du changement g\u00e9n\u00e9rationnel, l\u2019espoir est permis, \u00e0 condition de changer de cap, de croire r\u00e9solument \u00e0 notre capacit\u00e9 et \u00e0 notre destin, de refonder notre nation et de reconstruire notre pays. C\u2019est possible si nous y mettons du courage, de la volont\u00e9, de la pers\u00e9v\u00e9rance, de l\u2019abn\u00e9gation et du travail. C\u2019est faisable si nous savons transformer nos pleurs, frustration, d\u00e9ception, amertume, col\u00e8re, h\u00e9sitation, peur, doute, v\u0153ux pieux, critiques oiseuses en outils pragmatiques d\u2019actions et d\u2019initiatives innovatrices coh\u00e9rentes en vue d\u2019un meilleur devenir pour le Togo. Le changement est une volont\u00e9 manifeste, une d\u00e9marche sacrificielle individuelle et collective mais qui ultimement produit les r\u00e9sultats escompt\u00e9s. Le Togo de demain s\u2019invente aujourd\u2019hui.<\/p>\n<p>Chacun de nous doit y croire fermement et doit r\u00e9solument y apporter sa pierre pour la reconstruction nationale. Vous \u00eates au pied du mur et artisan de ce projet. Sa r\u00e9ussite est proportionnellement li\u00e9e \u00e0 votre propre engagement. Vous avez l\u2019occasion de faire une diff\u00e9rence positive et significative dans la vie de votre peuple. L\u2019or de l\u2019humanit\u00e9 compte sur vous pour briller davantage de tout son \u00e9clat.<\/p>\n<p>Vive le Togo libre, ind\u00e9pendant et prosp\u00e8re\u00a0! Vive la nation togolaise Unis pour la m\u00eame cause, la lutte continue\u00a0! CANADA, le 20 &#8211; 01 &#8211; 2010<\/p>\n<p>Che Alphonse Lawson-H\u00e9llu<br \/>\nAntoine Koffi Nadjomb\u00e9<\/p>\n","protected":false},"excerpt":{"rendered":"<p>Faure\u00a0Gnassingb\u00e9 a pris le pouvoir dans un bain de sang et\u00a0 entend le garder\u00a0dans\u00a0une marre de sang. Ce fil d&#8217;\u00c9yad\u00e9ma apparemment inoffensif, est un\u00a0g\u00e9nocidaire en puissance\u00a0.Les Togolais\u00a0et la communaut\u00e9 internationale doivent rapidement prendre conscience du grand danger que repr\u00e9sente\u00a0ce jeune d\u00e9mon, tyran et sanguinaire qui est pr\u00eat \u00e0 sacrifier\u00a0 son peuple sur l&#8217;autel de ses [&hellip;]<\/p>\n","protected":false},"author":1,"featured_media":0,"parent":0,"menu_order":0,"comment_status":"closed","ping_status":"open","template":"","meta":[],"_links":{"self":[{"href":"http:\/\/mtn-togo.org\/index.php?rest_route=\/wp\/v2\/pages\/148"}],"collection":[{"href":"http:\/\/mtn-togo.org\/index.php?rest_route=\/wp\/v2\/pages"}],"about":[{"href":"http:\/\/mtn-togo.org\/index.php?rest_route=\/wp\/v2\/types\/page"}],"author":[{"embeddable":true,"href":"http:\/\/mtn-togo.org\/index.php?rest_route=\/wp\/v2\/users\/1"}],"replies":[{"embeddable":true,"href":"http:\/\/mtn-togo.org\/index.php?rest_route=%2Fwp%2Fv2%2Fcomments&post=148"}],"version-history":[{"count":15,"href":"http:\/\/mtn-togo.org\/index.php?rest_route=\/wp\/v2\/pages\/148\/revisions"}],"predecessor-version":[{"id":383,"href":"http:\/\/mtn-togo.org\/index.php?rest_route=\/wp\/v2\/pages\/148\/revisions\/383"}],"wp:attachment":[{"href":"http:\/\/mtn-togo.org\/index.php?rest_route=%2Fwp%2Fv2%2Fmedia&parent=148"}],"curies":[{"name":"wp","href":"https:\/\/api.w.org\/{rel}","templated":true}]}}