{"id":174,"date":"2011-04-23T15:15:52","date_gmt":"2011-04-23T20:15:52","guid":{"rendered":"http:\/\/mtn-togo.org\/?page_id=174"},"modified":"2011-06-23T11:55:39","modified_gmt":"2011-06-23T16:55:39","slug":"page-des-etudiants-togolais","status":"publish","type":"page","link":"http:\/\/mtn-togo.org\/?page_id=174","title":{"rendered":"Page des \u00e9tudiants togolais <iframe width=\"200\" height=\"200\" src=\"http:\/\/www.youtube.com\/embed\/eQoVTBSwxnU\" frameborder=\"0\" allowfullscreen><\/iframe><iframe width=\"200\" height=\"200\" src=\"http:\/\/www.youtube.com\/embed\/dmXjoFy7XZU\" frameborder=\"0\" allowfullscreen><\/iframe>"},"content":{"rendered":"<p>Repression de la manifestation des \u00e9tudiants sur le campus universitaire<\/p>\n<p><strong>\u00a0<\/strong><\/p>\n<p><strong>\u00a0<!--more--><!--more--><\/strong><\/p>\n<p><strong>Marche de protestation des \u00e9tudiants togolais le samedi 4 juin 2011 \u00e0 Lom\u00e9<\/strong><\/p>\n<p><strong><!--more--><\/strong><\/p>\n","protected":false},"excerpt":{"rendered":"<p>Repression de la manifestation des \u00e9tudiants sur le campus universitaire \u00a0 \u00a0<\/p>\n","protected":false},"author":1,"featured_media":0,"parent":0,"menu_order":0,"comment_status":"closed","ping_status":"open","template":"","meta":[],"_links":{"self":[{"href":"http:\/\/mtn-togo.org\/index.php?rest_route=\/wp\/v2\/pages\/174"}],"collection":[{"href":"http:\/\/mtn-togo.org\/index.php?rest_route=\/wp\/v2\/pages"}],"about":[{"href":"http:\/\/mtn-togo.org\/index.php?rest_route=\/wp\/v2\/types\/page"}],"author":[{"embeddable":true,"href":"http:\/\/mtn-togo.org\/index.php?rest_route=\/wp\/v2\/users\/1"}],"replies":[{"embeddable":true,"href":"http:\/\/mtn-togo.org\/index.php?rest_route=%2Fwp%2Fv2%2Fcomments&post=174"}],"version-history":[{"count":16,"href":"http:\/\/mtn-togo.org\/index.php?rest_route=\/wp\/v2\/pages\/174\/revisions"}],"predecessor-version":[{"id":515,"href":"http:\/\/mtn-togo.org\/index.php?rest_route=\/wp\/v2\/pages\/174\/revisions\/515"}],"wp:attachment":[{"href":"http:\/\/mtn-togo.org\/index.php?rest_route=%2Fwp%2Fv2%2Fmedia&parent=174"}],"curies":[{"name":"wp","href":"https:\/\/api.w.org\/{rel}","templated":true}]}}