{"id":179,"date":"2011-04-23T15:21:10","date_gmt":"2011-04-23T20:21:10","guid":{"rendered":"http:\/\/mtn-togo.org\/?page_id=179"},"modified":"2011-06-01T10:59:37","modified_gmt":"2011-06-01T15:59:37","slug":"textes-fondateur","status":"publish","type":"page","link":"http:\/\/mtn-togo.org\/?page_id=179","title":{"rendered":"Texte fondateur"},"content":{"rendered":"<p style=\"text-align: center;\">\u00a0\u00a0\u00a0\u00a0\u00a0\u00a0\u00a0\u00a0\u00a0 <strong><span style=\"text-decoration: underline;\">Charte d\u2019engagement et de police du MTN<\/span><\/strong><\/p>\n<p>Le r\u00eave des p\u00e8res de l\u2019ind\u00e9pendance du Togo est plus que\u00a0 jamais d\u2019actualit\u00e9. C\u2019est pourquoi nous, jeunes\u00a0 togolais et togolaises r\u00e9unis au sein du mouvement\u00a0 <strong>M.T.N\u00a0: MOUVEMENT POUR UN TOGO NOUVEAU<\/strong>, profond\u00e9ment \u00e9pris\u00a0 de valeurs patriotiques et humanistes, venons\u00a0 solennellement reprendre le flambeau\u00a0 devant Dieu et le peuple Togolais sur la base de l\u2019id\u00e9ologie, de la mission et\u00a0 vision, des principes et valeurs, des objectifs \u00e9nonc\u00e9s dans les textes fondateurs de notre action politique. Pour mieux mener notre mission, nous nous engageons\u00a0 \u00e0 titre individuel et collectif \u00e0 respecter scrupuleusement les clauses de\u00a0 cette charte d\u2019engagement et de police.\u00a0<\/p>\n<p><strong>Article 1<\/strong><\/p>\n<p>Je souscrits enti\u00e8rement \u00e0 la vision du mouvement et s\u2019engage\u00a0 \u00e0\u00a0 la traduire dans ma vie, en \u00eatre un exemple\u00a0 et un t\u00e9moin autour de moi.<\/p>\n<p>Je m\u2019inscrits enti\u00e8rement dans\u00a0 la mission et les objectifs\u00a0 de notre mouvement et m\u2019engage \u00e0\u00a0 les r\u00e9aliser pleinement.<\/p>\n<p><strong>Article 2<\/strong><\/p>\n<p>Je souscrits enti\u00e8rement aux statuts et r\u00e8glement int\u00e9rieur et m\u2019engage absolument\u00a0 \u00e0 les respecter\u00a0 et \u00e0 s\u2019y soumettre<\/p>\n<p><strong>Article 3<\/strong><\/p>\n<p>Je souscrits enti\u00e8rement\u00a0 et me soumets aux d\u00e9cisions de l\u2019Assembl\u00e9e g\u00e9n\u00e9rale, du bureau ex\u00e9cutif et des instances d\u00e9cisionnelles notamment le conseil de discipline.<\/p>\n<p><strong>Article 5<\/strong><\/p>\n<p>Je m\u2019engage \u00e0 faire preuve de tol\u00e9rance, de respect, d\u2019humilit\u00e9 et d\u2019\u00e9thique.<\/p>\n<p><strong>Article 6<\/strong><\/p>\n<p>Je m\u2019engage \u00e0 l\u2019esprit d\u2019\u00e9quipe, et \u00e0 \u00a0une attitude positive de groupe et de fraternit\u00e9<\/p>\n<p><strong>Article 7<\/strong><\/p>\n<p>Je m\u2019engage \u00e0 la discipline personnelle et de groupe<\/p>\n<p><strong>Article 8<\/strong><\/p>\n<p>Je m\u2019engage \u00e0 \u00eatre loyal et\u00a0 m\u2019acquitter de\u00a0 mes cotisations et de tous mes devoirs envers notre organisation.<\/p>\n<p><strong>Article 9<\/strong><\/p>\n<p>Je m\u2019engage \u00e0 respecter et promouvoir la diversit\u00e9 culturelle et ethnique.<\/p>\n<p><strong>Article 10<\/strong><\/p>\n<p>Je m\u2019engage \u00e0 \u00eatre motiv\u00e9,\u00a0 efficace, productif,\u00a0 \u00e0 atteindre\u00a0 des rendements efficients et mesurables dans le but\u00a0 faire avancer le mouvement.<\/p>\n<p><strong>Article 11<\/strong><\/p>\n<p>Je m\u2019engage au professionnalisme, au respect du temps, \u00e0 la ponctualit\u00e9, au respect des \u00e9ch\u00e9ances, \u00e0 la parole donn\u00e9e et au leadership.<\/p>\n<p><strong>Article 12<\/strong><\/p>\n<p>Je m\u2019engage \u00e0 l\u2019assiduit\u00e9 aux r\u00e9unions, conf\u00e9rences et toute autre activit\u00e9 de notre mouvement Toute absence ou retard doit faire l\u2019objet au pr\u00e9alable\u00a0 d\u2019une information motiv\u00e9e.<\/p>\n<p><strong>Article 13<\/strong><\/p>\n<p>Je m\u2019engage\u00a0 \u00e0 suivre les formations et les ateliers du mouvement pour ma progression et mon \u00e9ducation personnelle<\/p>\n<p><strong>Article<\/strong> <strong>14<\/strong><\/p>\n<p>Je m\u2019engage \u00e0 faire du b\u00e9n\u00e9volat\u00a0 pour le mouvement et \u00e0 m\u2019impliquer dans toute activit\u00e9 d\u2019int\u00e9r\u00eat public<\/p>\n<p><strong>Article 15<\/strong><\/p>\n<p>Je m\u2019engage \u00e0 mettre en tout temps l\u2019int\u00e9r\u00eat g\u00e9n\u00e9ral du mouvement au dessus de mes int\u00e9r\u00eats personnels.<\/p>\n<p><strong>Article 16<\/strong><\/p>\n<p>Toute adh\u00e9sion au mouvement passe obligatoirement par la lecture, la compr\u00e9hension et la signature de cette charte.<\/p>\n<p><strong>Article 17<\/strong><\/p>\n<p>Tout manquement aux dispositions de cette charte expose le contrevenant aux rigueurs des mesures disciplinaires pr\u00e9vues par les statuts et r\u00e8glement int\u00e9rieur. Les\u00a0 sanctions peuvent varier du simple bl\u00e2me\u00a0 jusqu\u2019\u00e0 l\u2019exclusion du mouvement\u00a0<\/p>\n<p><strong><span style=\"text-decoration: underline;\">\u00a0<\/span><\/strong><\/p>\n<p><strong><span style=\"text-decoration: underline;\">Confidentialit\u00e9 et\u00a0 s\u00e9curit\u00e9<\/span><\/strong><\/p>\n<p><strong>Article 18<\/strong><\/p>\n<p>Il est tout d&#8217;abord rappel\u00e9 que tout membre est tenu de respecter les r\u00e8gles de confidentialit\u00e9 et de s\u00e9curit\u00e9.<\/p>\n<p><strong>Article 19 <\/strong><\/p>\n<p>Il existe au sein de l&#8217;organisation trois types d&#8217;information \u00e0\u00a9 Celles ne relevant d&#8217;aucun r\u00e9gime.<\/p>\n<p>\u00a9 Celles indiqu\u00e9es comme confidentielles ou celles confidentielles par nature.<\/p>\n<p>\u00a9 Celles tr\u00e8s confidentielles.<\/p>\n<p>Sont confidentielles au sens de cette chartre les informations dont la diffusion et l&#8217;exploitation \u00e0 l&#8217;ext\u00e9rieur de l\u2019organisation est restreinte et notamment<\/p>\n<p>\u00a9 Toutes informations concernant nos strat\u00e9gies<\/p>\n<p>\u00a9 Toutes informations concernant la prospection<\/p>\n<p>\u00a9 Les informations qualifi\u00e9es comme telles par la structure hi\u00e9rarchique\u00a0 de notre organisation.<\/p>\n<p>Sont tr\u00e8s confidentielles au sens de cette chartre les informations confidentielles dont la diffusion et l&#8217;exploitation \u00e0 l&#8217;ext\u00e9rieur comme \u00e0 l&#8217;int\u00e9rieur de notre organisation est restreinte et notamment<\/p>\n<p>\u00a9 Conform\u00e9ment \u00e0 la loi informatique et libert\u00e9s, toutes les informations contenant des donn\u00e9es personnelles, par exemple agenda, planning, num\u00e9ro de t\u00e9l\u00e9phone, adresse, email, donn\u00e9es familiales<\/p>\n<p>\u00a9 Les informations qualifi\u00e9es comme telles par la structure hi\u00e9rarchique<\/p>\n<p><strong>Article 20<\/strong><\/p>\n<p>Je m\u2019interdits de rechercher dans les documents, bases de donn\u00e9es ou fichiers de l\u2019organisation toutes informations dont il n&#8217;aurait pas strictement besoin pour remplir sa mission.<\/p>\n<p><strong>Article 21<\/strong><\/p>\n<p>Les Travaux et les r\u00e9sultats de ces travaux, les ressources g\u00e9n\u00e9r\u00e9s dans le cadre de notre organisation appartiennent au M.T.N m\u00eame si j\u2019en suis l\u2019auteur et ou\u00a0 avoir\u00a0 contribu\u00e9.<\/p>\n<p><strong>Article 22<\/strong><\/p>\n<p>Je m\u2019interdits d\u2019utiliser les ressources et les biens de l\u2019organisation pour des raisons personnelles.<\/p>\n<p><strong>Convaincus <\/strong>que notre cause est juste et que le peuple\u00a0 togolais a le droit inali\u00e9nable de d\u00e9terminer son propre destin ;<\/p>\n<p><strong>Conscients <\/strong>du fait que le travail, la libert\u00e9, l\u2019\u00e9galit\u00e9, la justice, la d\u00e9termination et la dignit\u00e9<\/p>\n<p>sont des valeurs essentielles \u00e0 la r\u00e9alisation des aspirations l\u00e9gitimes du peuple togolais ;<\/p>\n<p><strong>Sachant <\/strong>que notre devoir est de conjuguer nos efforts et talents\u00a0 au service du progr\u00e8s g\u00e9n\u00e9ral de notre peuple dans tous les domaines de l\u2019activit\u00e9 humaine ;<\/p>\n<p><strong>Guid\u00e9s <\/strong>par une commune volont\u00e9 de renforcer la compr\u00e9hension et la fraternit\u00e9 entre nous\u00a0 afin de r\u00e9pondre aux aspirations\u00a0 l\u00e9gitimes de nos populations<\/p>\n<p><strong>Fermement r\u00e9solus <\/strong>\u00e0 aller vers l\u2019avant quelques soient les obstacles et les difficult\u00e9s<\/p>\n<p><strong>Persuad\u00e9s <\/strong>que l\u2019union fait la force<\/p>\n<p><strong>D\u00e9cid\u00e9s <\/strong>\u00e0 donner corps \u00e0 notre vision<\/p>\n<p><strong>SOMMES engag\u00e9s et li\u00e9s\u00a0 scrupuleusement par cette Charte d\u2019Engagement et de Police.<\/strong><\/p>\n<p>Signatures obligatoires\u00a0<\/p>\n<p><strong>Nom Complet\u00a0\u00a0\u00a0\u00a0\u00a0\u00a0\u00a0\u00a0\u00a0 (imprimer)\u00a0\u00a0\u00a0\u00a0 \u00a0\u00a0\u00a0\u00a0\u00a0\u00a0\u00a0\u00a0 Pays -Ville\u00a0\u00a0\u00a0\u00a0\u00a0\u00a0 \u00a0\u00a0\u00a0\u00a0\u00a0\u00a0\u00a0\u00a0\u00a0\u00a0\u00a0\u00a0\u00a0\u00a0\u00a0\u00a0\u00a0\u00a0\u00a0\u00a0\u00a0\u00a0\u00a0\u00a0\u00a0\u00a0\u00a0\u00a0\u00a0 Signature\u00a0\u00a0\u00a0\u00a0\u00a0\u00a0\u00a0\u00a0\u00a0\u00a0\u00a0\u00a0\u00a0\u00a0\u00a0\u00a0 Date<\/strong><\/p>\n<p>Imprimez-le, signez-le\u00a0\u00a0 et envoyez-le au Bureau\u00a0 National Ex\u00e9cutif du MTN.<\/p>\n","protected":false},"excerpt":{"rendered":"<p>\u00a0\u00a0\u00a0\u00a0\u00a0\u00a0\u00a0\u00a0\u00a0 Charte d\u2019engagement et de police du MTN Le r\u00eave des p\u00e8res de l\u2019ind\u00e9pendance du Togo est plus que\u00a0 jamais d\u2019actualit\u00e9. C\u2019est pourquoi nous, jeunes\u00a0 togolais et togolaises r\u00e9unis au sein du mouvement\u00a0 M.T.N\u00a0: MOUVEMENT POUR UN TOGO NOUVEAU, profond\u00e9ment \u00e9pris\u00a0 de valeurs patriotiques et humanistes, venons\u00a0 solennellement reprendre le flambeau\u00a0 devant Dieu et le [&hellip;]<\/p>\n","protected":false},"author":1,"featured_media":0,"parent":0,"menu_order":0,"comment_status":"closed","ping_status":"open","template":"","meta":[],"_links":{"self":[{"href":"http:\/\/mtn-togo.org\/index.php?rest_route=\/wp\/v2\/pages\/179"}],"collection":[{"href":"http:\/\/mtn-togo.org\/index.php?rest_route=\/wp\/v2\/pages"}],"about":[{"href":"http:\/\/mtn-togo.org\/index.php?rest_route=\/wp\/v2\/types\/page"}],"author":[{"embeddable":true,"href":"http:\/\/mtn-togo.org\/index.php?rest_route=\/wp\/v2\/users\/1"}],"replies":[{"embeddable":true,"href":"http:\/\/mtn-togo.org\/index.php?rest_route=%2Fwp%2Fv2%2Fcomments&post=179"}],"version-history":[{"count":6,"href":"http:\/\/mtn-togo.org\/index.php?rest_route=\/wp\/v2\/pages\/179\/revisions"}],"predecessor-version":[{"id":495,"href":"http:\/\/mtn-togo.org\/index.php?rest_route=\/wp\/v2\/pages\/179\/revisions\/495"}],"wp:attachment":[{"href":"http:\/\/mtn-togo.org\/index.php?rest_route=%2Fwp%2Fv2%2Fmedia&parent=179"}],"curies":[{"name":"wp","href":"https:\/\/api.w.org\/{rel}","templated":true}]}}