{"id":231,"date":"2011-04-24T21:29:13","date_gmt":"2011-04-25T02:29:13","guid":{"rendered":"http:\/\/mtn-togo.org\/?page_id=231"},"modified":"2012-09-25T19:03:28","modified_gmt":"2012-09-26T00:03:28","slug":"media-un","status":"publish","type":"page","link":"http:\/\/mtn-togo.org\/?page_id=231","title":{"rendered":"Violence: Faure Gnassingb\u00e9 est un g\u00e9nocidaire en puissance.La preuve par l&#8217;image.La communaut\u00e9 internationale doit le neutraliser avant qu&#8217;il ne soit trop tard. <iframe width=\"250\" height=\"200\" src=\"http:\/\/www.youtube.com\/embed\/rW3aR3n9Gq8\" frameborder=\"0\" allowfullscreen><\/iframe>"},"content":{"rendered":"","protected":false},"excerpt":{"rendered":"","protected":false},"author":1,"featured_media":0,"parent":0,"menu_order":0,"comment_status":"closed","ping_status":"closed","template":"","meta":[],"_links":{"self":[{"href":"http:\/\/mtn-togo.org\/index.php?rest_route=\/wp\/v2\/pages\/231"}],"collection":[{"href":"http:\/\/mtn-togo.org\/index.php?rest_route=\/wp\/v2\/pages"}],"about":[{"href":"http:\/\/mtn-togo.org\/index.php?rest_route=\/wp\/v2\/types\/page"}],"author":[{"embeddable":true,"href":"http:\/\/mtn-togo.org\/index.php?rest_route=\/wp\/v2\/users\/1"}],"replies":[{"embeddable":true,"href":"http:\/\/mtn-togo.org\/index.php?rest_route=%2Fwp%2Fv2%2Fcomments&post=231"}],"version-history":[{"count":10,"href":"http:\/\/mtn-togo.org\/index.php?rest_route=\/wp\/v2\/pages\/231\/revisions"}],"predecessor-version":[{"id":1958,"href":"http:\/\/mtn-togo.org\/index.php?rest_route=\/wp\/v2\/pages\/231\/revisions\/1958"}],"wp:attachment":[{"href":"http:\/\/mtn-togo.org\/index.php?rest_route=%2Fwp%2Fv2%2Fmedia&parent=231"}],"curies":[{"name":"wp","href":"https:\/\/api.w.org\/{rel}","templated":true}]}}