{"id":97,"date":"2011-04-23T14:42:05","date_gmt":"2011-04-23T19:42:05","guid":{"rendered":"http:\/\/mtn-togo.org\/?page_id=97"},"modified":"2011-05-07T00:34:07","modified_gmt":"2011-05-07T05:34:07","slug":"le-mtn","status":"publish","type":"page","link":"http:\/\/mtn-togo.org\/?page_id=97","title":{"rendered":"LE MTN"},"content":{"rendered":"<p style=\"text-align: center;\"><strong>D\u00e9claration de principe du mouvement<\/strong><\/p>\n<p style=\"text-align: center;\"><strong>Pr\u00e9ambule\u00a0:<\/strong><\/p>\n<p style=\"text-align: center;\">Consid\u00e9rant que tout Togolais a droit \u00e0 la jouissance de sa libert\u00e9 politique, \u00e9conomique, sociale, et culturelle;<\/p>\n<p>Consid\u00e9rant que tout Togolais au Togo ou \u00e0 l&#8217;\u00e9tranger doit \u0153uvrer et participer au d\u00e9veloppement sur tous les plans de notre pays;<\/p>\n<p>Consid\u00e9rant que le Togo appartient \u00e0 tous les Togolais(es), et, que sa gestion revient \u00e0 toutes les filles et tous les fils du Togo;<\/p>\n<p>Consid\u00e9rant que les richesses doivent profiter d\u2019abord et avant tout \u00e0 tous les Togolais(es)<\/p>\n<p>Consid\u00e9rant que le Togo est un h\u00e9ritage sacro-saint de nos\u00a0 a\u00efeux et que nous avons non seulement\u00a0 l\u2019obligation de continuer le combat des\u00a0 p\u00e8res de l\u2019ind\u00e9pendance, de p\u00e9renniser les acquis de leur lutte mais aussi et surtout de relever les d\u00e9fis majeurs de notre temps\u00a0: d\u00e9mocratie, \u00c9tat de droit, d\u00e9veloppement\u00a0 et bien-\u00eatre \u00e9conomique et social,<\/p>\n<p>Consid\u00e9rant que le r\u00eave des p\u00e8res de l\u2019ind\u00e9pendance est plus que\u00a0 jamais d\u2019actualit\u00e9;<\/p>\n<p>Nous, jeunes et moins jeunes togolais et togolaises, profond\u00e9ment \u00e9pris\u00a0 de valeurs patriotiques et humanistes, venons\u00a0 solennellement reprendre le flambeau\u00a0 devant Dieu et le peuple Togolais sur la base de l\u2019id\u00e9ologie, de la mission,\u00a0 la vision, les principes,les valeurs et les \u00a0objectifs \u00e9nonc\u00e9s dans le manifeste fondateur \u00a0de notre action politique.<\/p>\n<p>L\u2019an deux mille neuf et le 17 octobre, <strong>Nous<\/strong>, Togolais(es) du Togo et de la diaspora\u00a0 r\u00e9unis en Assembl\u00e9e g\u00e9n\u00e9rale \u00e0 Lyon avons convenu\u00a0 librement de cr\u00e9er un mouvement d\u00e9nomm\u00e9\u00a0:<\/p>\n<p>\u00a0<strong>Mouvement pour un Togo Nouveau (M.T.N)<\/strong><\/p>\n<p>Le Mouvement pour un Togo Nouveau, est fid\u00e8le\u00a0\u00a0 aux <strong>valeurs et principes<\/strong> qui fondent notre vision et qui devront marquer et distinguer le Togo\u00a0:<\/p>\n<p>\u00a0 Ces <strong>valeurs et principes <\/strong>sont ceux\u00a0 de l\u2019humanisme, du patriotisme, de la\u00a0 libert\u00e9,\u00a0 du\u00a0 travail, de l&#8217;\u00e9thique, de l\u2019excellence, de la solidarit\u00e9, du respect\u00a0 de la vie, des droits de l\u2019homme, la justice, la tol\u00e9rance\u00a0\u00a0\u00a0 et\u00a0 de\u00a0 la chose publique.\u00a0 La transparence et la bonne gouvernance en seront les\u00a0 fondements. Ces\u00a0 valeurs et principes cardinaux, mis au service du bien commun, \u00e9claireront les choix judicieux des politiques sociales, culturelles, \u00e9conomiques, \u00e9cologique, scientifiques et technologiques en vue du d\u00e9veloppement humain int\u00e9gral et durable des citoyennes et citoyens togolais. La s\u00e9curit\u00e9 des biens et des personnes, la\u00a0 qualit\u00e9 et le niveau de vie, la protection et l\u2019esp\u00e9rance de vie, l\u2019\u00e9panouissement et le bien-\u00eatre social seront des\u00a0 acquis\u00a0 non n\u00e9gociables de notre nation. Un \u00c9tat de droit et de d\u00e9mocratie dont les principes directeurs seront rythm\u00e9s par la force du travail, l\u2019organisation, et le g\u00e9nie cr\u00e9ateur\u00a0 des citoyens togolais. Nous partagerons ces valeurs et principes dans l\u2019optique d\u2019un id\u00e9al panafricain pour sortir l\u2019Afrique en g\u00e9n\u00e9ral et le Togo en particulier du sous-d\u00e9veloppement, de la pauvret\u00e9 et du n\u00e9ocolonialisme.<\/p>\n<p>En somme nous nous positionnons clairement pour une politique \u00e9conomiquement efficace, socialement juste et \u00e9cologiquement responsable.<\/p>\n<p>Le <strong>Mouvement pour\u00a0 une Togo Nouveau (M.T.N)<\/strong> se veut le lieu de confluence de vison politique innovatrice et initiative sociale id\u00e9ologiquement orient\u00e9e en vue du d\u00e9veloppement humain int\u00e9gral. Chaque membre est invit\u00e9 \u00e0 prendre un leadership d&#8217;action dans le sens de notre orientation philosophique et id\u00e9ologique.<\/p>\n<p>Le \u00a0<strong>Mouvement pour un\u00a0 Togo Nouveau (M.T.N)<\/strong> offre un cadre unique de pluralit\u00e9 de courants qui tous partagent\u00a0 fondamentalement \u00e0 la base la m\u00eame vision id\u00e9ologique, philosophique et politique\u00a0 mais pourraient diverger sur des aspects d\u2019application \u00e0 travers\u00a0 des d\u00e9bats contradictoires et constructifs. La discipline de groupe est notre force. Le leadership doit toujours\u00a0 refl\u00e9ter la d\u00e9cision consensuelle de l\u2019ensemble des adh\u00e9rents.<\/p>\n<p>Le <strong>Mouvement pour un\u00a0 Togo Nouveau (M.T.N)<\/strong> se veut le cadre incubateur pour toutes les \u00e9nergies, les aptitudes, les intelligences, les forces\u00a0 que dispose la jeunesse togolaise. Avec courage, d\u00e9termination, abn\u00e9gation, nous\u00a0 r\u00e9ussirons l\u00e0 o\u00f9 les ain\u00e9s ont \u00e9chou\u00e9. C\u2019est le d\u00e9fi de notre g\u00e9n\u00e9ration et y renoncer serait faire preuve de l\u00e2chet\u00e9.<\/p>\n<p><strong>Aper\u00e7u historique <\/strong><\/p>\n<p><a href=\"http:\/\/mtn-togo.org\/wp-content\/uploads\/2011\/04\/celebration1.jpg\"><\/a><\/p>\n<p><strong>\u00a0<a href=\"http:\/\/mtn-togo.org\/wp-content\/uploads\/2011\/04\/celebration11.jpg\"><img loading=\"lazy\" class=\"aligncenter size-full wp-image-323\" title=\"celebration1\" src=\"http:\/\/mtn-togo.org\/wp-content\/uploads\/2011\/04\/celebration11.jpg\" alt=\"\" width=\"475\" height=\"316\" srcset=\"http:\/\/mtn-togo.org\/wp-content\/uploads\/2011\/04\/celebration11.jpg 475w, http:\/\/mtn-togo.org\/wp-content\/uploads\/2011\/04\/celebration11-300x199.jpg 300w\" sizes=\"(max-width: 475px) 100vw, 475px\" \/><\/a><\/strong><\/p>\n<p><strong>\u00a0<\/strong><\/p>\n<p><strong>\u00a0<\/strong><strong>\u00a0<a href=\"http:\/\/mtn-togo.org\/wp-content\/uploads\/2011\/04\/celebration21.jpg\"><img loading=\"lazy\" class=\"aligncenter size-full wp-image-324\" title=\"celebration2\" src=\"http:\/\/mtn-togo.org\/wp-content\/uploads\/2011\/04\/celebration21.jpg\" alt=\"\" width=\"475\" height=\"311\" srcset=\"http:\/\/mtn-togo.org\/wp-content\/uploads\/2011\/04\/celebration21.jpg 475w, http:\/\/mtn-togo.org\/wp-content\/uploads\/2011\/04\/celebration21-300x196.jpg 300w\" sizes=\"(max-width: 475px) 100vw, 475px\" \/><\/a><\/strong><\/p>\n<p><strong>Le MTN <\/strong>tire son essence du mouvement estudiantin et scolaire. Les \u00e9tudiants togolais de toutes les origines du Togo, \u00a0\u00e0 travers le mouvement du CEUB (Conseil des \u00c9tudiants de l\u2019universit\u00e9 du B\u00e9nin) ont \u00e9branl\u00e9 le r\u00e9gime de Gnassingb\u00e9 Eyad\u00e9ma dans les ann\u00e9es 98 -99 et aux d\u00e9buts des ann\u00e9es 2000. Leur d\u00e9termination, leur courage, leur unit\u00e9 ont fait triompher la cause de certaines de leurs revendications l\u00e9gitimes; malgr\u00e9 la terreur, la r\u00e9pression barbare et les emprisonnements orchestr\u00e9s par le\u00a0 r\u00e9gime dictatorial d\u2019Eyad\u00e9ma.<\/p>\n<p>Ces camarades \u00e9tudiants sont aujourd\u2019hui \u00e9parpill\u00e9s dans le monde entier et constituent une ressource humaine bien form\u00e9e, comp\u00e9tente et d\u00e9termin\u00e9e \u00e0 relever le d\u00e9fi de l\u2019alternance et de l\u2019alternative au\u00a0 Togo. Ils ont d\u00e9cid\u00e9 d\u2019unir leur force et leur intelligence comme jadis dans un <strong>Mouvement pour un Togo Nouveau<\/strong> pour un meilleur devenir du peuple togolais dans la continuit\u00e9 de l\u2019\u0153uvre des p\u00e8res de l\u2019ind\u00e9pendance en fondant leur foi et leur vision dans les 7 piliers suivants d\u2019une soci\u00e9t\u00e9 juste, libre, moderne,\u00a0 d\u00e9mocratique et prosp\u00e8re\u00a0: Patriotisme, Humanisme, Libert\u00e9, Travail, \u00c9thique, D\u00e9veloppement et D\u00e9centralisation<\/p>\n<p><strong>\u00a0<\/strong><strong>Signification du Logo du MTN<\/strong><\/p>\n<p>Notre logo est repr\u00e9sent\u00e9 par L&#8217;homme de l&#8217;ind\u00e9pendance \u00a0qui porte patriotiquement son Togo ch\u00e9ri\u00a0 avec un balai en main pour le\u00a0 rendre propre et \u00a0le faire briller comme l&#8217;Or de l&#8217;Humanit\u00e9 !!!!!<\/p>\n<p>C&#8217;est la vision, la mission et les id\u00e9aux qu\u2019incarnent le MTN. Le balai traduit\u00a0 tr\u00e8s bien \u00a0la responsabilit\u00e9 qui est la n\u00f4tre et la t\u00e2che qui attend la nouvelle g\u00e9n\u00e9ration du Togo.<\/p>\n<p>L\u2019homme de l\u2019ind\u00e9pendance qui d\u00e9coule du monument de l\u2019ind\u00e9pendance du Togo, plonge profond\u00e9ment nos racines dans l\u2019histoire pour mieux appr\u00e9hender le pr\u00e9sent et nous projeter dans le futur. Le \u00a0Togo est un h\u00e9ritage sacro-saint de nos\u00a0 a\u00efeux et que nous avons non seulement\u00a0 l\u2019obligation de continuer le combat des\u00a0 p\u00e8res de l\u2019ind\u00e9pendance, de p\u00e9renniser les acquis de leur lutte mais aussi et surtout de relever les d\u00e9fis majeurs de notre temps\u00a0: alternance, d\u00e9mocratie, \u00c9tat de droit, d\u00e9veloppement\u00a0 et bien-\u00eatre \u00e9conomique et social.<\/p>\n<p>La renaissance du Togo repr\u00e9sent\u00e9e dans le logo par la couleur verte\u00a0 est le d\u00e9fi majeur de notre g\u00e9n\u00e9ration. La couleur rouge traduit le sang vers\u00e9 par nos martyrs. La couleur jaune exprime l\u2019espoir d\u2019une soci\u00e9t\u00e9 meilleure et prosp\u00e8re.<\/p>\n<p>Le contour de l\u2019homme de l\u2019ind\u00e9pendance\u00a0 du logo repr\u00e9sente le pourtour tronqu\u00e9 de\u00a0 l\u2019Afrique noire pour indiquer que les africains de la nouvelle g\u00e9n\u00e9ration ont du pain sur la planche pour\u00a0 construire et d\u00e9velopper le continent, berceau de l\u2019humanit\u00e9 qui a subit et continue de subir toutes sortes d\u2019exploitation, d\u2019injustice et d\u2019humiliation.<\/p>\n<p>Le M.T.N s\u2019engage\u00a0 avec un balai \u00e0 le relever par\u00a0 l\u2019alternance et l\u2019alternative ce d\u00e9fi majeur qui interpelle d\u2019ailleurs tous les africains.<\/p>\n<p><strong>Pourquoi le balai?<\/strong><\/p>\n<p>Balai pour rendre le Togo nouveau, propre et prosp\u00e8re car le pays est sale au sens propre et figur\u00e9.<\/p>\n<p>Balai pour balayer le r\u00e9gime monarchique de\u00a0 Faure Gnassingb\u00e9<\/p>\n<p>Balai pour chasser les esprits mauvais (dans la tradition africaine et m\u00eame mondiale, le balai est utilis\u00e9 pour chasser les esprits mauvais)<\/p>\n<p>Balai pour balayer le leadership improductif de l&#8217;opposition vieillissante<\/p>\n<p>Balai pour balayer les mentalit\u00e9s r\u00e9trogrades.<\/p>\n<p>Balai parce qu\u2019il \u00a0y\u2019a le balai dans toutes les maisons du Togo, pauvre ou riche, au \u00a0nord ou au \u00a0sud, partout, chacun utilise un balai.<\/p>\n<p>Balai parce qu\u2019on peut le plier mais jamais le casser (signe de force et de r\u00e9sistance)<\/p>\n<p>Balai parce qu&#8217;il repr\u00e9sente \u00a0le signe d&#8217;unit\u00e9 (plusieurs brindilles attach\u00e9es ensemble)<\/p>\n<p>Balai parce qu&#8217;il repr\u00e9sente un Dieu dans certaines traditions du Togo<\/p>\n<p>Balai parce que c&#8217;est une <strong>arme mystique traditionnelle<\/strong> (on ne bat pas avec un balai. Malheur \u00e0 celui qui est battu avec un balai)<\/p>\n<p>Balai parce que c&#8217;est tr\u00e8s <strong>original<\/strong><\/p>\n<p>Balai parce que c&#8217;est un objet puissant de communication \u00e0 bon march\u00e9 et disponible partout.<\/p>\n<p>Le balai est outil <strong>populaire, disponible<\/strong> et \u00e0 port\u00e9e de main<\/p>\n<p>Balai parce qu&#8217;il traduit l&#8217;esprit de mission et de travail pour la nouvelle g\u00e9n\u00e9ration.<\/p>\n<p>Balai parce que pour construire un Togo Nouveau, il faut tout balayer d&#8217;abord.<\/p>\n<p>L&#8217;id\u00e9e du balai traduit donc l&#8217;esprit d&#8217;unit\u00e9, de travail, de propret\u00e9, de patriotisme, de spiritualit\u00e9, de paix, de s\u00e9curit\u00e9, de bien-\u00eatre, de sant\u00e9\u00a0et de tradition.<\/p>\n<p>Le balai est outil qui r\u00e9pond aux besoins de la situation\u00a0de d\u00e9sordre actuel\u00a0au Togo et en Afrique.<\/p>\n<p>C&#8217;est un outil puissant de communication politique, facile \u00e0 utiliser lors des campagnes.<\/p>\n<p>Voil\u00e0 les raisons du choix du balai.<\/p>\n<p>Prenons tout ensemble un balai pour l\u2019alternance et l\u2019alternative en vue de faire\u00a0 du Togo et partant de l\u2019Afrique,\u00a0 un nouveau\u00a0 havre\u00a0 de paix,\u00a0 de libert\u00e9, de d\u00e9mocratie et de prosp\u00e9rit\u00e9.<\/p>\n<p>\u00a0 Unis pour la m\u00eame cause, la lutte continue !<\/p>\n","protected":false},"excerpt":{"rendered":"<p>D\u00e9claration de principe du mouvement Pr\u00e9ambule\u00a0: Consid\u00e9rant que tout Togolais a droit \u00e0 la jouissance de sa libert\u00e9 politique, \u00e9conomique, sociale, et culturelle; Consid\u00e9rant que tout Togolais au Togo ou \u00e0 l&#8217;\u00e9tranger doit \u0153uvrer et participer au d\u00e9veloppement sur tous les plans de notre pays; Consid\u00e9rant que le Togo appartient \u00e0 tous les Togolais(es), et, [&hellip;]<\/p>\n","protected":false},"author":1,"featured_media":0,"parent":0,"menu_order":0,"comment_status":"closed","ping_status":"open","template":"","meta":[],"_links":{"self":[{"href":"http:\/\/mtn-togo.org\/index.php?rest_route=\/wp\/v2\/pages\/97"}],"collection":[{"href":"http:\/\/mtn-togo.org\/index.php?rest_route=\/wp\/v2\/pages"}],"about":[{"href":"http:\/\/mtn-togo.org\/index.php?rest_route=\/wp\/v2\/types\/page"}],"author":[{"embeddable":true,"href":"http:\/\/mtn-togo.org\/index.php?rest_route=\/wp\/v2\/users\/1"}],"replies":[{"embeddable":true,"href":"http:\/\/mtn-togo.org\/index.php?rest_route=%2Fwp%2Fv2%2Fcomments&post=97"}],"version-history":[{"count":9,"href":"http:\/\/mtn-togo.org\/index.php?rest_route=\/wp\/v2\/pages\/97\/revisions"}],"predecessor-version":[{"id":295,"href":"http:\/\/mtn-togo.org\/index.php?rest_route=\/wp\/v2\/pages\/97\/revisions\/295"}],"wp:attachment":[{"href":"http:\/\/mtn-togo.org\/index.php?rest_route=%2Fwp%2Fv2%2Fmedia&parent=97"}],"curies":[{"name":"wp","href":"https:\/\/api.w.org\/{rel}","templated":true}]}}